{"id":347,"date":"2024-10-18T12:20:10","date_gmt":"2024-10-18T10:20:10","guid":{"rendered":"https:\/\/greenx360.com\/?page_id=347"},"modified":"2024-11-23T22:47:01","modified_gmt":"2024-11-23T20:47:01","slug":"compliance-esg","status":"publish","type":"page","link":"https:\/\/greenx360.com\/it\/compliance-esg\/","title":{"rendered":"Compliance ESG"},"content":{"rendered":"\t\t<div data-elementor-type=\"page\" data-elementor-id=\"775\" class=\"elementor elementor-775\" data-elementor-settings=\"{&quot;ekit_onepagescroll&quot;:&quot;block&quot;}\" data-elementor-post-type=\"elementor_library\">\n\t\t\t\t\t\t<section class=\"elementor-section elementor-top-section elementor-element elementor-element-59086a12 elementor-section-height-min-height elementor-section-content-middle elementor-section-boxed elementor-section-height-default elementor-section-items-middle\" data-id=\"59086a12\" data-element_type=\"section\" data-e-type=\"section\" data-settings=\"{&quot;background_background&quot;:&quot;classic&quot;}\">\n\t\t\t\t\t\t\t<div class=\"elementor-background-overlay\"><\/div>\n\t\t\t\t\t\t\t<div class=\"elementor-container elementor-column-gap-no\">\n\t\t\t\t\t<div class=\"elementor-column elementor-col-100 elementor-top-column elementor-element elementor-element-4723d838\" data-id=\"4723d838\" data-element_type=\"column\" data-e-type=\"column\">\n\t\t\t<div class=\"elementor-widget-wrap\">\n\t\t\t\t\t\t\t<\/div>\n\t\t<\/div>\n\t\t\t\t\t<\/div>\n\t\t<\/section>\n\t\t<div class=\"elementor-element elementor-element-1275fa3a e-flex e-con-boxed e-con e-parent\" data-id=\"1275fa3a\" data-element_type=\"container\" data-e-type=\"container\" data-settings=\"{&quot;background_background&quot;:&quot;classic&quot;}\">\n\t\t\t\t\t<div class=\"e-con-inner\">\n\t\t\t\t<div class=\"elementor-element elementor-element-46ca209f elementor-widget elementor-widget-heading\" data-id=\"46ca209f\" data-element_type=\"widget\" data-e-type=\"widget\" data-widget_type=\"heading.default\">\n\t\t\t\t<div class=\"elementor-widget-container\">\n\t\t\t\t\t<h3 class=\"elementor-heading-title elementor-size-default\">Compliance ESG<\/h3>\t\t\t\t<\/div>\n\t\t\t\t<\/div>\n\t\t\t\t\t<\/div>\n\t\t\t\t<\/div>\n\t\t<div class=\"elementor-element elementor-element-1f06502 e-flex e-con-boxed e-con e-parent\" data-id=\"1f06502\" data-element_type=\"container\" data-e-type=\"container\" data-settings=\"{&quot;background_background&quot;:&quot;classic&quot;}\">\n\t\t\t\t\t<div class=\"e-con-inner\">\n\t\t<div class=\"elementor-element elementor-element-c10f1d9 e-con-full e-flex e-con e-child\" data-id=\"c10f1d9\" data-element_type=\"container\" data-e-type=\"container\" data-settings=\"{&quot;background_background&quot;:&quot;classic&quot;}\">\n\t\t<div class=\"elementor-element elementor-element-05d1134 e-con-full e-flex e-con e-child\" data-id=\"05d1134\" data-element_type=\"container\" data-e-type=\"container\">\n\t\t<div class=\"elementor-element elementor-element-76ba77f e-con-full e-flex e-con e-child\" data-id=\"76ba77f\" data-element_type=\"container\" data-e-type=\"container\" data-settings=\"{&quot;background_background&quot;:&quot;classic&quot;}\">\n\t\t\t\t<div class=\"elementor-element elementor-element-d64068e elementor-widget elementor-widget-heading\" data-id=\"d64068e\" data-element_type=\"widget\" data-e-type=\"widget\" data-widget_type=\"heading.default\">\n\t\t\t\t<div class=\"elementor-widget-container\">\n\t\t\t\t\t<h2 class=\"elementor-heading-title elementor-size-default\">Descrizione Servizio<\/h2>\t\t\t\t<\/div>\n\t\t\t\t<\/div>\n\t\t\t\t<div class=\"elementor-element elementor-element-51d8128 elementor-widget elementor-widget-text-editor\" data-id=\"51d8128\" data-element_type=\"widget\" data-e-type=\"widget\" data-widget_type=\"text-editor.default\">\n\t\t\t\t<div class=\"elementor-widget-container\">\n\t\t\t\t\t\t\t\t\t<p><span style=\"color: #333333;\">Il nostro servizio di <strong>Studio e Analisi Preliminare<\/strong> \u00e8 il primo passo fondamentale nel percorso verso la sostenibilit\u00e0 della tua azienda. Comprendiamo che ogni organizzazione \u00e8 unica e merita un&#8217;attenzione personalizzata. In questa fase, ci immergiamo nella tua realt\u00e0 aziendale per identificare le aree di forza e quelle di miglioramento.<\/span><\/p><p><span style=\"color: #333333;\">Valutiamo la tua attuale impronta ecologica, le pratiche operative e le politiche di gestione, per fornirti un quadro chiaro di come la sostenibilit\u00e0 pu\u00f2 essere integrata nel tuo modello di business.<\/span><\/p>\t\t\t\t\t\t\t\t<\/div>\n\t\t\t\t<\/div>\n\t\t\t\t<\/div>\n\t\t\t\t<\/div>\n\t\t<div class=\"elementor-element elementor-element-eefdf95 e-con-full e-flex e-con e-child\" data-id=\"eefdf95\" data-element_type=\"container\" data-e-type=\"container\">\n\t\t\t\t<div class=\"elementor-element elementor-element-5846a80 elementor-widget elementor-widget-image\" data-id=\"5846a80\" data-element_type=\"widget\" data-e-type=\"widget\" data-widget_type=\"image.default\">\n\t\t\t\t<div class=\"elementor-widget-container\">\n\t\t\t\t\t\t\t\t\t\t\t\t\t\t\t<img fetchpriority=\"high\" decoding=\"async\" width=\"288\" height=\"300\" src=\"https:\/\/greenx360.com\/wp-content\/uploads\/2024\/09\/gx360-green-288x300.png\" class=\"attachment-medium size-medium wp-image-1155\" alt=\"Greenx360 - ESG in Action\" srcset=\"https:\/\/greenx360.com\/wp-content\/uploads\/2024\/09\/gx360-green-288x300.png 288w, https:\/\/greenx360.com\/wp-content\/uploads\/2024\/09\/gx360-green.png 424w\" sizes=\"(max-width: 288px) 100vw, 288px\" \/>\t\t\t\t\t\t\t\t\t\t\t\t\t\t\t<\/div>\n\t\t\t\t<\/div>\n\t\t\t\t<\/div>\n\t\t\t\t<\/div>\n\t\t\t\t\t<\/div>\n\t\t\t\t<\/div>\n\t\t<div class=\"elementor-element elementor-element-574d2d4 e-flex e-con-boxed e-con e-parent\" data-id=\"574d2d4\" data-element_type=\"container\" data-e-type=\"container\" data-settings=\"{&quot;background_background&quot;:&quot;classic&quot;}\">\n\t\t\t\t\t<div class=\"e-con-inner\">\n\t\t<div class=\"elementor-element elementor-element-1c4741c e-con-full e-flex e-con e-child\" data-id=\"1c4741c\" data-element_type=\"container\" data-e-type=\"container\">\n\t\t<div class=\"elementor-element elementor-element-7ffca6c e-con-full e-flex e-con e-child\" data-id=\"7ffca6c\" data-element_type=\"container\" data-e-type=\"container\" data-settings=\"{&quot;background_background&quot;:&quot;classic&quot;}\">\n\t\t\t\t<div class=\"elementor-element elementor-element-7df081c elementor-widget elementor-widget-image\" data-id=\"7df081c\" data-element_type=\"widget\" data-e-type=\"widget\" data-widget_type=\"image.default\">\n\t\t\t\t<div class=\"elementor-widget-container\">\n\t\t\t\t\t\t\t\t\t\t\t\t\t\t\t<img decoding=\"async\" width=\"251\" height=\"300\" src=\"https:\/\/greenx360.com\/wp-content\/uploads\/2024\/09\/gx360-blu-trasp-4-251x300.png\" class=\"attachment-medium size-medium wp-image-1230\" alt=\"\" srcset=\"https:\/\/greenx360.com\/wp-content\/uploads\/2024\/09\/gx360-blu-trasp-4-251x300.png 251w, https:\/\/greenx360.com\/wp-content\/uploads\/2024\/09\/gx360-blu-trasp-4.png 319w\" sizes=\"(max-width: 251px) 100vw, 251px\" \/>\t\t\t\t\t\t\t\t\t\t\t\t\t\t\t<\/div>\n\t\t\t\t<\/div>\n\t\t\t\t<\/div>\n\t\t<div class=\"elementor-element elementor-element-993cb56 e-con-full e-flex e-con e-child\" data-id=\"993cb56\" data-element_type=\"container\" data-e-type=\"container\">\n\t\t<div class=\"elementor-element elementor-element-f0e164d e-con-full e-flex e-con e-child\" data-id=\"f0e164d\" data-element_type=\"container\" data-e-type=\"container\">\n\t\t\t\t<div class=\"elementor-element elementor-element-a7afa70 elementor-widget elementor-widget-heading\" data-id=\"a7afa70\" data-element_type=\"widget\" data-e-type=\"widget\" data-widget_type=\"heading.default\">\n\t\t\t\t<div class=\"elementor-widget-container\">\n\t\t\t\t\t<h2 class=\"elementor-heading-title elementor-size-default\">Benefici per il Cliente<\/h2>\t\t\t\t<\/div>\n\t\t\t\t<\/div>\n\t\t\t\t<div class=\"elementor-element elementor-element-1d98013 elementor-widget elementor-widget-text-editor\" data-id=\"1d98013\" data-element_type=\"widget\" data-e-type=\"widget\" data-widget_type=\"text-editor.default\">\n\t\t\t\t<div class=\"elementor-widget-container\">\n\t\t\t\t\t\t\t\t\t<p>Lo Studio e l&#8217;Analisi Preliminare consentono di:<\/p><ul><li>Acquisire una comprensione profonda delle tue attuali prestazioni ambientali.<\/li><li>Identificare rischi e opportunit\u00e0 nel tuo settore specifico.<\/li><li>Ricevere raccomandazioni personalizzate per migliorare l&#8217;efficienza e ridurre i costi.<\/li><li>Stabilire un benchmark per misurare i futuri progressi in sostenibilit\u00e0.<\/li><li>Aumentare la consapevolezza interna e promuovere una cultura aziendale orientata alla sostenibilit\u00e0.<\/li><\/ul>\t\t\t\t\t\t\t\t<\/div>\n\t\t\t\t<\/div>\n\t\t\t\t<\/div>\n\t\t\t\t<\/div>\n\t\t\t\t<\/div>\n\t\t\t\t\t<\/div>\n\t\t\t\t<\/div>\n\t\t<div class=\"elementor-element elementor-element-8dcca1e e-flex e-con-boxed e-con e-parent\" data-id=\"8dcca1e\" data-element_type=\"container\" data-e-type=\"container\" data-settings=\"{&quot;background_background&quot;:&quot;classic&quot;}\">\n\t\t\t\t\t<div class=\"e-con-inner\">\n\t\t<div class=\"elementor-element elementor-element-6d1de19 e-con-full e-flex e-con e-child\" data-id=\"6d1de19\" data-element_type=\"container\" data-e-type=\"container\" data-settings=\"{&quot;background_background&quot;:&quot;classic&quot;}\">\n\t\t<div class=\"elementor-element elementor-element-42180b3 e-con-full e-flex e-con e-child\" data-id=\"42180b3\" data-element_type=\"container\" data-e-type=\"container\">\n\t\t<div class=\"elementor-element elementor-element-0d83173 e-con-full e-flex e-con e-child\" data-id=\"0d83173\" data-element_type=\"container\" data-e-type=\"container\" data-settings=\"{&quot;background_background&quot;:&quot;classic&quot;}\">\n\t\t\t\t<div class=\"elementor-element elementor-element-37c288f elementor-widget elementor-widget-heading\" data-id=\"37c288f\" data-element_type=\"widget\" data-e-type=\"widget\" data-widget_type=\"heading.default\">\n\t\t\t\t<div class=\"elementor-widget-container\">\n\t\t\t\t\t<h2 class=\"elementor-heading-title elementor-size-default\">Descrizione Servizio<\/h2>\t\t\t\t<\/div>\n\t\t\t\t<\/div>\n\t\t\t\t<div class=\"elementor-element elementor-element-8ac58eb elementor-widget elementor-widget-heading\" data-id=\"8ac58eb\" data-element_type=\"widget\" data-e-type=\"widget\" data-widget_type=\"heading.default\">\n\t\t\t\t<div class=\"elementor-widget-container\">\n\t\t\t\t\t<h2 class=\"elementor-heading-title elementor-size-default\">Approccio Sistematico e Collaborativo<\/h2>\t\t\t\t<\/div>\n\t\t\t\t<\/div>\n\t\t\t\t<div class=\"elementor-element elementor-element-433bbcf elementor-widget elementor-widget-text-editor\" data-id=\"433bbcf\" data-element_type=\"widget\" data-e-type=\"widget\" data-widget_type=\"text-editor.default\">\n\t\t\t\t<div class=\"elementor-widget-container\">\n\t\t\t\t\t\t\t\t\t<ol><li><span style=\"color: #0bb351;\"><strong>Raccolta Dati:<\/strong><\/span> <span style=\"color: #333333;\">Iniziamo con una raccolta dati accurata, includendo input energetici, uso di risorse, gestione dei rifiuti, e pratiche di approvvigionamento.<\/span><\/li><li><span style=\"color: #0bb351;\"><strong>Valutazione Impatto:<\/strong><\/span> <span style=\"color: #333333;\">Applichiamo strumenti analitici avanzati per valutare l&#8217;impatto ambientale delle tue operazioni correnti.<\/span><\/li><li><span style=\"color: #0bb351;\"><strong>Analisi Risultati:<\/strong><\/span> <span style=\"color: #333333;\">I dati raccolti vengono poi analizzati per evidenziare le tendenze, i punti di forza e le aree migliorabili.<\/span><\/li><li><span style=\"color: #0bb351;\"><strong>Report Personalizzato:<\/strong> <\/span><span style=\"color: #333333;\">Ti forniremo un report dettagliato che include una mappa di percorso per l&#8217;implementazione di strategie sostenibili.<\/span><\/li><li><strong><span style=\"color: #0bb351;\">Feedback e Discussione:<\/span><\/strong> <span style=\"color: #333333;\">Infine, discutiamo i risultati con te, assicurando che ogni suggerimento sia allineato con la visione e gli obiettivi aziendali.<\/span><\/li><\/ol>\t\t\t\t\t\t\t\t<\/div>\n\t\t\t\t<\/div>\n\t\t\t\t<\/div>\n\t\t\t\t<\/div>\n\t\t<div class=\"elementor-element elementor-element-86d174f e-con-full e-flex e-con e-child\" data-id=\"86d174f\" data-element_type=\"container\" data-e-type=\"container\">\n\t\t\t\t<div class=\"elementor-element elementor-element-bb76134 elementor-widget elementor-widget-image\" data-id=\"bb76134\" data-element_type=\"widget\" data-e-type=\"widget\" data-widget_type=\"image.default\">\n\t\t\t\t<div class=\"elementor-widget-container\">\n\t\t\t\t\t\t\t\t\t\t\t\t\t\t\t<img fetchpriority=\"high\" decoding=\"async\" width=\"288\" height=\"300\" src=\"https:\/\/greenx360.com\/wp-content\/uploads\/2024\/09\/gx360-green-288x300.png\" class=\"attachment-medium size-medium wp-image-1155\" alt=\"Greenx360 - ESG in Action\" srcset=\"https:\/\/greenx360.com\/wp-content\/uploads\/2024\/09\/gx360-green-288x300.png 288w, https:\/\/greenx360.com\/wp-content\/uploads\/2024\/09\/gx360-green.png 424w\" sizes=\"(max-width: 288px) 100vw, 288px\" \/>\t\t\t\t\t\t\t\t\t\t\t\t\t\t\t<\/div>\n\t\t\t\t<\/div>\n\t\t\t\t<\/div>\n\t\t\t\t<\/div>\n\t\t\t\t\t<\/div>\n\t\t\t\t<\/div>\n\t\t\t\t<\/div>\n\t\t\n","protected":false},"excerpt":{"rendered":"","protected":false},"author":1,"featured_media":0,"parent":0,"menu_order":0,"comment_status":"closed","ping_status":"closed","template":"elementor_header_footer","meta":{"footnotes":""},"class_list":["post-347","page","type-page","status-publish","hentry"],"yoast_head":"<!-- This site is optimized with the Yoast SEO plugin v27.5 - https:\/\/yoast.com\/product\/yoast-seo-wordpress\/ -->\n<title>Compliance ESG | Greenx360 - ESG in Action<\/title>\n<meta name=\"description\" content=\"Valutiamo l&#039;impronta ecologica, le pratiche operative e le politiche di gestione, per definire come integrare la sostenibilit\u00e0 nel business.\" \/>\n<meta name=\"robots\" content=\"index, follow, max-snippet:-1, max-image-preview:large, max-video-preview:-1\" \/>\n<link rel=\"canonical\" href=\"https:\/\/greenx360.com\/it\/compliance-esg\/\" \/>\n<meta property=\"og:locale\" content=\"it_IT\" \/>\n<meta property=\"og:type\" content=\"article\" \/>\n<meta property=\"og:title\" content=\"Compliance ESG | Greenx360 - ESG in Action\" \/>\n<meta property=\"og:description\" content=\"Valutiamo l&#039;impronta ecologica, le pratiche operative e le politiche di gestione, per definire come integrare la sostenibilit\u00e0 nel business.\" \/>\n<meta property=\"og:url\" content=\"https:\/\/greenx360.com\/it\/compliance-esg\/\" \/>\n<meta property=\"og:site_name\" content=\"Greenx360\" \/>\n<meta property=\"article:modified_time\" content=\"2024-11-23T20:47:01+00:00\" \/>\n<meta name=\"twitter:card\" content=\"summary_large_image\" \/>\n<meta name=\"twitter:label1\" content=\"Tempo di lettura stimato\" \/>\n\t<meta name=\"twitter:data1\" content=\"1 minuto\" \/>\n<script type=\"application\/ld+json\" class=\"yoast-schema-graph\">{\"@context\":\"https:\\\/\\\/schema.org\",\"@graph\":[{\"@type\":\"WebPage\",\"@id\":\"https:\\\/\\\/greenx360.com\\\/it\\\/compliance-esg\\\/\",\"url\":\"https:\\\/\\\/greenx360.com\\\/it\\\/compliance-esg\\\/\",\"name\":\"Compliance ESG | Greenx360 - ESG in Action\",\"isPartOf\":{\"@id\":\"https:\\\/\\\/greenx360.com\\\/it\\\/#website\"},\"datePublished\":\"2024-10-18T10:20:10+00:00\",\"dateModified\":\"2024-11-23T20:47:01+00:00\",\"description\":\"Valutiamo l'impronta ecologica, le pratiche operative e le politiche di gestione, per definire come integrare la sostenibilit\u00e0 nel business.\",\"breadcrumb\":{\"@id\":\"https:\\\/\\\/greenx360.com\\\/it\\\/compliance-esg\\\/#breadcrumb\"},\"inLanguage\":\"it-IT\",\"potentialAction\":[{\"@type\":\"ReadAction\",\"target\":[\"https:\\\/\\\/greenx360.com\\\/it\\\/compliance-esg\\\/\"]}]},{\"@type\":\"BreadcrumbList\",\"@id\":\"https:\\\/\\\/greenx360.com\\\/it\\\/compliance-esg\\\/#breadcrumb\",\"itemListElement\":[{\"@type\":\"ListItem\",\"position\":1,\"name\":\"Home\",\"item\":\"https:\\\/\\\/greenx360.com\\\/it\\\/\"},{\"@type\":\"ListItem\",\"position\":2,\"name\":\"Compliance ESG\"}]},{\"@type\":\"WebSite\",\"@id\":\"https:\\\/\\\/greenx360.com\\\/it\\\/#website\",\"url\":\"https:\\\/\\\/greenx360.com\\\/it\\\/\",\"name\":\"Greenx360\",\"description\":\"ESG Innovation\",\"publisher\":{\"@id\":\"https:\\\/\\\/greenx360.com\\\/it\\\/#organization\"},\"potentialAction\":[{\"@type\":\"SearchAction\",\"target\":{\"@type\":\"EntryPoint\",\"urlTemplate\":\"https:\\\/\\\/greenx360.com\\\/it\\\/?s={search_term_string}\"},\"query-input\":{\"@type\":\"PropertyValueSpecification\",\"valueRequired\":true,\"valueName\":\"search_term_string\"}}],\"inLanguage\":\"it-IT\"},{\"@type\":\"Organization\",\"@id\":\"https:\\\/\\\/greenx360.com\\\/it\\\/#organization\",\"name\":\"Greenx360\",\"url\":\"https:\\\/\\\/greenx360.com\\\/it\\\/\",\"logo\":{\"@type\":\"ImageObject\",\"inLanguage\":\"it-IT\",\"@id\":\"https:\\\/\\\/greenx360.com\\\/it\\\/#\\\/schema\\\/logo\\\/image\\\/\",\"url\":\"https:\\\/\\\/greenx360.com\\\/wp-content\\\/uploads\\\/2024\\\/09\\\/greenx360.png\",\"contentUrl\":\"https:\\\/\\\/greenx360.com\\\/wp-content\\\/uploads\\\/2024\\\/09\\\/greenx360.png\",\"width\":200,\"height\":31,\"caption\":\"Greenx360\"},\"image\":{\"@id\":\"https:\\\/\\\/greenx360.com\\\/it\\\/#\\\/schema\\\/logo\\\/image\\\/\"}}]}<\/script>\n<!-- \/ Yoast SEO plugin. -->","yoast_head_json":{"title":"Compliance ESG | Greenx360 - ESG in Action","description":"Valutiamo l'impronta ecologica, le pratiche operative e le politiche di gestione, per definire come integrare la sostenibilit\u00e0 nel business.","robots":{"index":"index","follow":"follow","max-snippet":"max-snippet:-1","max-image-preview":"max-image-preview:large","max-video-preview":"max-video-preview:-1"},"canonical":"https:\/\/greenx360.com\/it\/compliance-esg\/","og_locale":"it_IT","og_type":"article","og_title":"Compliance ESG | Greenx360 - ESG in Action","og_description":"Valutiamo l'impronta ecologica, le pratiche operative e le politiche di gestione, per definire come integrare la sostenibilit\u00e0 nel business.","og_url":"https:\/\/greenx360.com\/it\/compliance-esg\/","og_site_name":"Greenx360","article_modified_time":"2024-11-23T20:47:01+00:00","twitter_card":"summary_large_image","twitter_misc":{"Tempo di lettura stimato":"1 minuto"},"schema":{"@context":"https:\/\/schema.org","@graph":[{"@type":"WebPage","@id":"https:\/\/greenx360.com\/it\/compliance-esg\/","url":"https:\/\/greenx360.com\/it\/compliance-esg\/","name":"Compliance ESG | Greenx360 - ESG in Action","isPartOf":{"@id":"https:\/\/greenx360.com\/it\/#website"},"datePublished":"2024-10-18T10:20:10+00:00","dateModified":"2024-11-23T20:47:01+00:00","description":"Valutiamo l'impronta ecologica, le pratiche operative e le politiche di gestione, per definire come integrare la sostenibilit\u00e0 nel business.","breadcrumb":{"@id":"https:\/\/greenx360.com\/it\/compliance-esg\/#breadcrumb"},"inLanguage":"it-IT","potentialAction":[{"@type":"ReadAction","target":["https:\/\/greenx360.com\/it\/compliance-esg\/"]}]},{"@type":"BreadcrumbList","@id":"https:\/\/greenx360.com\/it\/compliance-esg\/#breadcrumb","itemListElement":[{"@type":"ListItem","position":1,"name":"Home","item":"https:\/\/greenx360.com\/it\/"},{"@type":"ListItem","position":2,"name":"Compliance ESG"}]},{"@type":"WebSite","@id":"https:\/\/greenx360.com\/it\/#website","url":"https:\/\/greenx360.com\/it\/","name":"Greenx360","description":"ESG Innovation","publisher":{"@id":"https:\/\/greenx360.com\/it\/#organization"},"potentialAction":[{"@type":"SearchAction","target":{"@type":"EntryPoint","urlTemplate":"https:\/\/greenx360.com\/it\/?s={search_term_string}"},"query-input":{"@type":"PropertyValueSpecification","valueRequired":true,"valueName":"search_term_string"}}],"inLanguage":"it-IT"},{"@type":"Organization","@id":"https:\/\/greenx360.com\/it\/#organization","name":"Greenx360","url":"https:\/\/greenx360.com\/it\/","logo":{"@type":"ImageObject","inLanguage":"it-IT","@id":"https:\/\/greenx360.com\/it\/#\/schema\/logo\/image\/","url":"https:\/\/greenx360.com\/wp-content\/uploads\/2024\/09\/greenx360.png","contentUrl":"https:\/\/greenx360.com\/wp-content\/uploads\/2024\/09\/greenx360.png","width":200,"height":31,"caption":"Greenx360"},"image":{"@id":"https:\/\/greenx360.com\/it\/#\/schema\/logo\/image\/"}}]}},"_links":{"self":[{"href":"https:\/\/greenx360.com\/it\/wp-json\/wp\/v2\/pages\/347","targetHints":{"allow":["GET"]}}],"collection":[{"href":"https:\/\/greenx360.com\/it\/wp-json\/wp\/v2\/pages"}],"about":[{"href":"https:\/\/greenx360.com\/it\/wp-json\/wp\/v2\/types\/page"}],"author":[{"embeddable":true,"href":"https:\/\/greenx360.com\/it\/wp-json\/wp\/v2\/users\/1"}],"replies":[{"embeddable":true,"href":"https:\/\/greenx360.com\/it\/wp-json\/wp\/v2\/comments?post=347"}],"version-history":[{"count":4,"href":"https:\/\/greenx360.com\/it\/wp-json\/wp\/v2\/pages\/347\/revisions"}],"predecessor-version":[{"id":2820,"href":"https:\/\/greenx360.com\/it\/wp-json\/wp\/v2\/pages\/347\/revisions\/2820"}],"wp:attachment":[{"href":"https:\/\/greenx360.com\/it\/wp-json\/wp\/v2\/media?parent=347"}],"curies":[{"name":"wp","href":"https:\/\/api.w.org\/{rel}","templated":true}]}}