{"id":350,"date":"2024-10-18T12:30:02","date_gmt":"2024-10-18T10:30:02","guid":{"rendered":"https:\/\/greenx360.com\/?page_id=350"},"modified":"2024-11-23T22:55:39","modified_gmt":"2024-11-23T20:55:39","slug":"consulting-esg","status":"publish","type":"page","link":"https:\/\/greenx360.com\/it\/consulting-esg\/","title":{"rendered":"Consulting ESG"},"content":{"rendered":"\t\t<div data-elementor-type=\"page\" data-elementor-id=\"781\" class=\"elementor elementor-781 elementor-2070\" data-elementor-post-type=\"elementor_library\">\n\t\t\t\t\t\t<section class=\"elementor-section elementor-top-section elementor-element elementor-element-719ba25c elementor-section-height-min-height elementor-section-content-middle elementor-section-full_width elementor-section-stretched elementor-section-height-default elementor-section-items-middle\" data-id=\"719ba25c\" data-element_type=\"section\" data-e-type=\"section\" data-settings=\"{&quot;background_background&quot;:&quot;classic&quot;,&quot;stretch_section&quot;:&quot;section-stretched&quot;}\">\n\t\t\t\t\t\t\t<div class=\"elementor-background-overlay\"><\/div>\n\t\t\t\t\t\t\t<div class=\"elementor-container elementor-column-gap-no\">\n\t\t\t\t\t<div class=\"elementor-column elementor-col-100 elementor-top-column elementor-element elementor-element-7818d56f\" data-id=\"7818d56f\" data-element_type=\"column\" data-e-type=\"column\">\n\t\t\t<div class=\"elementor-widget-wrap\">\n\t\t\t\t\t\t\t<\/div>\n\t\t<\/div>\n\t\t\t\t\t<\/div>\n\t\t<\/section>\n\t\t<div class=\"elementor-element elementor-element-727a41c8 e-con-full e-flex e-con e-parent\" data-id=\"727a41c8\" data-element_type=\"container\" data-e-type=\"container\" data-settings=\"{&quot;background_background&quot;:&quot;classic&quot;}\">\n\t\t\t\t<div class=\"elementor-element elementor-element-2aba29bc elementor-widget__width-inherit elementor-widget elementor-widget-heading\" data-id=\"2aba29bc\" data-element_type=\"widget\" data-e-type=\"widget\" data-widget_type=\"heading.default\">\n\t\t\t\t<div class=\"elementor-widget-container\">\n\t\t\t\t\t<h3 class=\"elementor-heading-title elementor-size-default\">ESG Consulting<\/h3>\t\t\t\t<\/div>\n\t\t\t\t<\/div>\n\t\t\t\t<\/div>\n\t\t<div class=\"elementor-element elementor-element-e669e3b e-flex e-con-boxed e-con e-parent\" data-id=\"e669e3b\" data-element_type=\"container\" data-e-type=\"container\" data-settings=\"{&quot;background_background&quot;:&quot;classic&quot;}\">\n\t\t\t\t\t<div class=\"e-con-inner\">\n\t\t<div class=\"elementor-element elementor-element-00119db e-con-full e-flex e-con e-child\" data-id=\"00119db\" data-element_type=\"container\" data-e-type=\"container\">\n\t\t<div class=\"elementor-element elementor-element-415b32b e-con-full e-flex e-con e-child\" data-id=\"415b32b\" data-element_type=\"container\" data-e-type=\"container\">\n\t\t<div class=\"elementor-element elementor-element-422ca3f e-con-full e-flex e-con e-child\" data-id=\"422ca3f\" data-element_type=\"container\" data-e-type=\"container\">\n\t\t\t\t<div class=\"elementor-element elementor-element-3e07e5d elementor-widget elementor-widget-text-editor\" data-id=\"3e07e5d\" data-element_type=\"widget\" data-e-type=\"widget\" data-widget_type=\"text-editor.default\">\n\t\t\t\t<div class=\"elementor-widget-container\">\n\t\t\t\t\t\t\t\t\t<h4><span style=\"color: #0bb251;\">Descrizione Servizio<\/span><\/h4>\t\t\t\t\t\t\t\t<\/div>\n\t\t\t\t<\/div>\n\t\t\t\t<\/div>\n\t\t\t\t<\/div>\n\t\t\t\t<div class=\"elementor-element elementor-element-d321d37 elementor-widget elementor-widget-text-editor\" data-id=\"d321d37\" data-element_type=\"widget\" data-e-type=\"widget\" data-widget_type=\"text-editor.default\">\n\t\t\t\t<div class=\"elementor-widget-container\">\n\t\t\t\t\t\t\t\t\t<p><span style=\"color: #333333;\">La nostra consulenza strategica GX360 \u00e8 pensata per accompagnare la vostra azienda in un percorso di sostenibilit\u00e0 su misura, affrontando e integrando gli impatti sociali, ambientali ed economici delle vostre attivit\u00e0. Grazie alla nostra consolidata esperienza nel settore, offriamo una visione chiara delle migliori pratiche di sostenibilit\u00e0, definendo approcci e prassi aziendali innovativi.<\/span><\/p><p><span style=\"color: #333333;\">Il nostro servizio si propone di individuare le opportunit\u00e0 per elevare gli standard di sostenibilit\u00e0 dei vostri prodotti, servizi e processi, sviluppando metodologie efficaci per la comunicazione e la diffusione delle iniziative sostenibili.<\/span><\/p><p><span style=\"color: #333333;\">Inoltre, offriamo sessioni di coaching personalizzato in modalit\u00e0 e-learning, rivolte ai professionisti chiave che guideranno l\u2019azienda nella transizione verso una gestione pi\u00f9 sostenibile. La consulenza GX360 supporta l\u2019implementazione di strategie sostenibili anche per progetti gi\u00e0 in corso, garantendo che il valore aggiunto delle iniziative sostenibili venga trasmesso a tutti gli stakeholder coinvolti. Infine, offriamo assistenza continua nell\u2019attuazione di politiche e programmi di sostenibilit\u00e0, monitorando la loro efficacia e proponendo aggiustamenti per massimizzare l\u2019impatto positivo.\u2028<br \/><\/span><\/p>\t\t\t\t\t\t\t\t<\/div>\n\t\t\t\t<\/div>\n\t\t\t\t<\/div>\n\t\t<div class=\"elementor-element elementor-element-1807b1e e-con-full e-flex e-con e-child\" data-id=\"1807b1e\" data-element_type=\"container\" data-e-type=\"container\">\n\t\t\t\t<div class=\"elementor-element elementor-element-0cad8db elementor-widget elementor-widget-image\" data-id=\"0cad8db\" data-element_type=\"widget\" data-e-type=\"widget\" data-widget_type=\"image.default\">\n\t\t\t\t<div class=\"elementor-widget-container\">\n\t\t\t\t\t\t\t\t\t\t\t\t\t\t\t<img fetchpriority=\"high\" decoding=\"async\" width=\"300\" height=\"300\" src=\"https:\/\/greenx360.com\/wp-content\/uploads\/2024\/11\/greenx360-300x300.png\" class=\"attachment-medium size-medium wp-image-2696\" alt=\"Greenx360 - ESG in Action\" srcset=\"https:\/\/greenx360.com\/wp-content\/uploads\/2024\/11\/greenx360-300x300.png 300w, https:\/\/greenx360.com\/wp-content\/uploads\/2024\/11\/greenx360-150x150.png 150w, https:\/\/greenx360.com\/wp-content\/uploads\/2024\/11\/greenx360-100x100.png 100w, https:\/\/greenx360.com\/wp-content\/uploads\/2024\/11\/greenx360.png 400w\" sizes=\"(max-width: 300px) 100vw, 300px\" \/>\t\t\t\t\t\t\t\t\t\t\t\t\t\t\t<\/div>\n\t\t\t\t<\/div>\n\t\t\t\t<\/div>\n\t\t\t\t\t<\/div>\n\t\t\t\t<\/div>\n\t\t<div class=\"elementor-element elementor-element-31b935b e-flex e-con-boxed e-con e-parent\" data-id=\"31b935b\" data-element_type=\"container\" data-e-type=\"container\" data-settings=\"{&quot;background_background&quot;:&quot;classic&quot;}\">\n\t\t\t\t\t<div class=\"e-con-inner\">\n\t\t<div class=\"elementor-element elementor-element-58d4fb8 e-con-full e-flex e-con e-child\" data-id=\"58d4fb8\" data-element_type=\"container\" data-e-type=\"container\">\n\t\t<div class=\"elementor-element elementor-element-a3cdb65 e-con-full e-flex e-con e-child\" data-id=\"a3cdb65\" data-element_type=\"container\" data-e-type=\"container\">\n\t\t\t\t<div class=\"elementor-element elementor-element-4069861 elementor-widget elementor-widget-image\" data-id=\"4069861\" data-element_type=\"widget\" data-e-type=\"widget\" data-widget_type=\"image.default\">\n\t\t\t\t<div class=\"elementor-widget-container\">\n\t\t\t\t\t\t\t\t\t\t\t\t\t\t\t<img decoding=\"async\" width=\"424\" height=\"441\" src=\"https:\/\/greenx360.com\/wp-content\/uploads\/2024\/09\/gx360-blu-grey.png\" class=\"attachment-full size-full wp-image-1232\" alt=\"\" srcset=\"https:\/\/greenx360.com\/wp-content\/uploads\/2024\/09\/gx360-blu-grey.png 424w, https:\/\/greenx360.com\/wp-content\/uploads\/2024\/09\/gx360-blu-grey-288x300.png 288w\" sizes=\"(max-width: 424px) 100vw, 424px\" \/>\t\t\t\t\t\t\t\t\t\t\t\t\t\t\t<\/div>\n\t\t\t\t<\/div>\n\t\t\t\t<\/div>\n\t\t<div class=\"elementor-element elementor-element-ee3a7c3 e-con-full e-flex e-con e-child\" data-id=\"ee3a7c3\" data-element_type=\"container\" data-e-type=\"container\">\n\t\t<div class=\"elementor-element elementor-element-c05b561 e-con-full e-flex e-con e-child\" data-id=\"c05b561\" data-element_type=\"container\" data-e-type=\"container\">\n\t\t\t\t<div class=\"elementor-element elementor-element-2f87bf1 elementor-widget elementor-widget-heading\" data-id=\"2f87bf1\" data-element_type=\"widget\" data-e-type=\"widget\" data-widget_type=\"heading.default\">\n\t\t\t\t<div class=\"elementor-widget-container\">\n\t\t\t\t\t<h2 class=\"elementor-heading-title elementor-size-default\">Benefici per il Cliente<\/h2>\t\t\t\t<\/div>\n\t\t\t\t<\/div>\n\t\t\t\t<div class=\"elementor-element elementor-element-80c6fee elementor-widget elementor-widget-text-editor\" data-id=\"80c6fee\" data-element_type=\"widget\" data-e-type=\"widget\" data-widget_type=\"text-editor.default\">\n\t\t\t\t<div class=\"elementor-widget-container\">\n\t\t\t\t\t\t\t\t\t<ul><li><span style=\"color: #333333;\">Accesso a una panoramica completa delle migliori pratiche di sostenibilit\u00e0, con l\u2019adozione di strategie aziendali all\u2019avanguardia.<\/span><\/li><li><span style=\"color: #333333;\">Identificazione di opportunit\u00e0 per migliorare la sostenibilit\u00e0 dei processi, prodotti e servizi.<\/span><\/li><li><span style=\"color: #333333;\">Supporto personalizzato tramite sessioni di coaching e-learning, mirate alla formazione delle figure aziendali responsabili della transizione.<\/span><\/li><li><span style=\"color: #333333;\">Maggiore efficacia nella comunicazione e divulgazione delle iniziative sostenibili verso stakeholder interni ed esterni.<\/span><\/li><li><span style=\"color: #333333;\">Implementazione di politiche e programmi sostenibili con monitoraggio continuo dei risultati e ottimizzazione delle performance.<\/span><\/li><li><span style=\"color: #333333;\">Aumento del valore percepito dai clienti e dagli stakeholder, grazie a una gestione pi\u00f9 trasparente e responsabile.<\/span><\/li><\/ul>\t\t\t\t\t\t\t\t<\/div>\n\t\t\t\t<\/div>\n\t\t\t\t<\/div>\n\t\t\t\t<\/div>\n\t\t\t\t<\/div>\n\t\t\t\t\t<\/div>\n\t\t\t\t<\/div>\n\t\t<div class=\"elementor-element elementor-element-93070ef e-flex e-con-boxed e-con e-parent\" data-id=\"93070ef\" data-element_type=\"container\" data-e-type=\"container\" data-settings=\"{&quot;background_background&quot;:&quot;classic&quot;}\">\n\t\t\t\t\t<div class=\"e-con-inner\">\n\t\t<div class=\"elementor-element elementor-element-ea69d04 e-con-full e-flex e-con e-child\" data-id=\"ea69d04\" data-element_type=\"container\" data-e-type=\"container\" data-settings=\"{&quot;background_background&quot;:&quot;classic&quot;}\">\n\t\t<div class=\"elementor-element elementor-element-f38cd24 e-con-full e-flex e-con e-child\" data-id=\"f38cd24\" data-element_type=\"container\" data-e-type=\"container\">\n\t\t<div class=\"elementor-element elementor-element-eb59df7 e-con-full e-flex e-con e-child\" data-id=\"eb59df7\" data-element_type=\"container\" data-e-type=\"container\">\n\t\t\t\t<div class=\"elementor-element elementor-element-ca8a2c2 elementor-widget elementor-widget-heading\" data-id=\"ca8a2c2\" data-element_type=\"widget\" data-e-type=\"widget\" data-widget_type=\"heading.default\">\n\t\t\t\t<div class=\"elementor-widget-container\">\n\t\t\t\t\t<h2 class=\"elementor-heading-title elementor-size-default\">In Sintesi<\/h2>\t\t\t\t<\/div>\n\t\t\t\t<\/div>\n\t\t\t\t<div class=\"elementor-element elementor-element-07d3cf6 elementor-widget elementor-widget-heading\" data-id=\"07d3cf6\" data-element_type=\"widget\" data-e-type=\"widget\" data-widget_type=\"heading.default\">\n\t\t\t\t<div class=\"elementor-widget-container\">\n\t\t\t\t\t<h2 class=\"elementor-heading-title elementor-size-default\">GREENX360 CONSULTING<\/h2>\t\t\t\t<\/div>\n\t\t\t\t<\/div>\n\t\t\t\t<div class=\"elementor-element elementor-element-46ee891 elementor-widget elementor-widget-text-editor\" data-id=\"46ee891\" data-element_type=\"widget\" data-e-type=\"widget\" data-widget_type=\"text-editor.default\">\n\t\t\t\t<div class=\"elementor-widget-container\">\n\t\t\t\t\t\t\t\t\t<p><span style=\"color: #333333;\">La consulenza GX360 rappresenta un alleato strategico per garantire che la vostra azienda sia non solo conforme alle normative, ma anche pioniera in un contesto di mercato sempre pi\u00f9 orientato alla sostenibilit\u00e0.<\/span><\/p>\t\t\t\t\t\t\t\t<\/div>\n\t\t\t\t<\/div>\n\t\t\t\t<\/div>\n\t\t\t\t<\/div>\n\t\t<div class=\"elementor-element elementor-element-6f94df0 e-con-full e-flex e-con e-child\" data-id=\"6f94df0\" data-element_type=\"container\" data-e-type=\"container\">\n\t\t\t\t<div class=\"elementor-element elementor-element-f383e16 elementor-widget elementor-widget-image\" data-id=\"f383e16\" data-element_type=\"widget\" data-e-type=\"widget\" data-widget_type=\"image.default\">\n\t\t\t\t<div class=\"elementor-widget-container\">\n\t\t\t\t\t\t\t\t\t\t\t\t\t\t\t<img fetchpriority=\"high\" decoding=\"async\" width=\"300\" height=\"300\" src=\"https:\/\/greenx360.com\/wp-content\/uploads\/2024\/11\/greenx360-300x300.png\" class=\"attachment-medium size-medium wp-image-2696\" alt=\"Greenx360 - ESG in Action\" srcset=\"https:\/\/greenx360.com\/wp-content\/uploads\/2024\/11\/greenx360-300x300.png 300w, https:\/\/greenx360.com\/wp-content\/uploads\/2024\/11\/greenx360-150x150.png 150w, https:\/\/greenx360.com\/wp-content\/uploads\/2024\/11\/greenx360-100x100.png 100w, https:\/\/greenx360.com\/wp-content\/uploads\/2024\/11\/greenx360.png 400w\" sizes=\"(max-width: 300px) 100vw, 300px\" \/>\t\t\t\t\t\t\t\t\t\t\t\t\t\t\t<\/div>\n\t\t\t\t<\/div>\n\t\t\t\t<\/div>\n\t\t\t\t<\/div>\n\t\t\t\t\t<\/div>\n\t\t\t\t<\/div>\n\t\t\t\t<\/div>\n\t\t\n","protected":false},"excerpt":{"rendered":"","protected":false},"author":1,"featured_media":0,"parent":0,"menu_order":0,"comment_status":"closed","ping_status":"closed","template":"elementor_header_footer","meta":{"footnotes":""},"class_list":["post-350","page","type-page","status-publish","hentry"],"yoast_head":"<!-- This site is optimized with the Yoast SEO plugin v27.5 - https:\/\/yoast.com\/product\/yoast-seo-wordpress\/ -->\n<title>Consulting ESG | Greenx360 - ESG in Action!<\/title>\n<meta name=\"description\" content=\"Grazie all&#039;esperienza Greenx360 definisce le migliori pratiche di sostenibilit\u00e0, indicando approcci e prassi aziendali innovativi.\" \/>\n<meta name=\"robots\" content=\"index, follow, max-snippet:-1, max-image-preview:large, max-video-preview:-1\" \/>\n<link rel=\"canonical\" href=\"https:\/\/greenx360.com\/it\/consulting-esg\/\" \/>\n<meta property=\"og:locale\" content=\"it_IT\" \/>\n<meta property=\"og:type\" content=\"article\" \/>\n<meta property=\"og:title\" content=\"Consulting ESG | Greenx360 - ESG in Action!\" \/>\n<meta property=\"og:description\" content=\"Grazie all&#039;esperienza Greenx360 definisce le migliori pratiche di sostenibilit\u00e0, indicando approcci e prassi aziendali innovativi.\" \/>\n<meta property=\"og:url\" content=\"https:\/\/greenx360.com\/it\/consulting-esg\/\" \/>\n<meta property=\"og:site_name\" content=\"Greenx360\" \/>\n<meta property=\"article:modified_time\" content=\"2024-11-23T20:55:39+00:00\" \/>\n<meta name=\"twitter:card\" content=\"summary_large_image\" \/>\n<meta name=\"twitter:label1\" content=\"Tempo di lettura stimato\" \/>\n\t<meta name=\"twitter:data1\" content=\"1 minuto\" \/>\n<script type=\"application\/ld+json\" class=\"yoast-schema-graph\">{\"@context\":\"https:\\\/\\\/schema.org\",\"@graph\":[{\"@type\":\"WebPage\",\"@id\":\"https:\\\/\\\/greenx360.com\\\/it\\\/consulting-esg\\\/\",\"url\":\"https:\\\/\\\/greenx360.com\\\/it\\\/consulting-esg\\\/\",\"name\":\"Consulting ESG | Greenx360 - ESG in Action!\",\"isPartOf\":{\"@id\":\"https:\\\/\\\/greenx360.com\\\/it\\\/#website\"},\"datePublished\":\"2024-10-18T10:30:02+00:00\",\"dateModified\":\"2024-11-23T20:55:39+00:00\",\"description\":\"Grazie all'esperienza Greenx360 definisce le migliori pratiche di sostenibilit\u00e0, indicando approcci e prassi aziendali innovativi.\",\"breadcrumb\":{\"@id\":\"https:\\\/\\\/greenx360.com\\\/it\\\/consulting-esg\\\/#breadcrumb\"},\"inLanguage\":\"it-IT\",\"potentialAction\":[{\"@type\":\"ReadAction\",\"target\":[\"https:\\\/\\\/greenx360.com\\\/it\\\/consulting-esg\\\/\"]}]},{\"@type\":\"BreadcrumbList\",\"@id\":\"https:\\\/\\\/greenx360.com\\\/it\\\/consulting-esg\\\/#breadcrumb\",\"itemListElement\":[{\"@type\":\"ListItem\",\"position\":1,\"name\":\"Home\",\"item\":\"https:\\\/\\\/greenx360.com\\\/it\\\/\"},{\"@type\":\"ListItem\",\"position\":2,\"name\":\"Consulting ESG\"}]},{\"@type\":\"WebSite\",\"@id\":\"https:\\\/\\\/greenx360.com\\\/it\\\/#website\",\"url\":\"https:\\\/\\\/greenx360.com\\\/it\\\/\",\"name\":\"Greenx360\",\"description\":\"ESG Innovation\",\"publisher\":{\"@id\":\"https:\\\/\\\/greenx360.com\\\/it\\\/#organization\"},\"potentialAction\":[{\"@type\":\"SearchAction\",\"target\":{\"@type\":\"EntryPoint\",\"urlTemplate\":\"https:\\\/\\\/greenx360.com\\\/it\\\/?s={search_term_string}\"},\"query-input\":{\"@type\":\"PropertyValueSpecification\",\"valueRequired\":true,\"valueName\":\"search_term_string\"}}],\"inLanguage\":\"it-IT\"},{\"@type\":\"Organization\",\"@id\":\"https:\\\/\\\/greenx360.com\\\/it\\\/#organization\",\"name\":\"Greenx360\",\"url\":\"https:\\\/\\\/greenx360.com\\\/it\\\/\",\"logo\":{\"@type\":\"ImageObject\",\"inLanguage\":\"it-IT\",\"@id\":\"https:\\\/\\\/greenx360.com\\\/it\\\/#\\\/schema\\\/logo\\\/image\\\/\",\"url\":\"https:\\\/\\\/greenx360.com\\\/wp-content\\\/uploads\\\/2024\\\/09\\\/greenx360.png\",\"contentUrl\":\"https:\\\/\\\/greenx360.com\\\/wp-content\\\/uploads\\\/2024\\\/09\\\/greenx360.png\",\"width\":200,\"height\":31,\"caption\":\"Greenx360\"},\"image\":{\"@id\":\"https:\\\/\\\/greenx360.com\\\/it\\\/#\\\/schema\\\/logo\\\/image\\\/\"}}]}<\/script>\n<!-- \/ Yoast SEO plugin. -->","yoast_head_json":{"title":"Consulting ESG | Greenx360 - ESG in Action!","description":"Grazie all'esperienza Greenx360 definisce le migliori pratiche di sostenibilit\u00e0, indicando approcci e prassi aziendali innovativi.","robots":{"index":"index","follow":"follow","max-snippet":"max-snippet:-1","max-image-preview":"max-image-preview:large","max-video-preview":"max-video-preview:-1"},"canonical":"https:\/\/greenx360.com\/it\/consulting-esg\/","og_locale":"it_IT","og_type":"article","og_title":"Consulting ESG | Greenx360 - ESG in Action!","og_description":"Grazie all'esperienza Greenx360 definisce le migliori pratiche di sostenibilit\u00e0, indicando approcci e prassi aziendali innovativi.","og_url":"https:\/\/greenx360.com\/it\/consulting-esg\/","og_site_name":"Greenx360","article_modified_time":"2024-11-23T20:55:39+00:00","twitter_card":"summary_large_image","twitter_misc":{"Tempo di lettura stimato":"1 minuto"},"schema":{"@context":"https:\/\/schema.org","@graph":[{"@type":"WebPage","@id":"https:\/\/greenx360.com\/it\/consulting-esg\/","url":"https:\/\/greenx360.com\/it\/consulting-esg\/","name":"Consulting ESG | Greenx360 - ESG in Action!","isPartOf":{"@id":"https:\/\/greenx360.com\/it\/#website"},"datePublished":"2024-10-18T10:30:02+00:00","dateModified":"2024-11-23T20:55:39+00:00","description":"Grazie all'esperienza Greenx360 definisce le migliori pratiche di sostenibilit\u00e0, indicando approcci e prassi aziendali innovativi.","breadcrumb":{"@id":"https:\/\/greenx360.com\/it\/consulting-esg\/#breadcrumb"},"inLanguage":"it-IT","potentialAction":[{"@type":"ReadAction","target":["https:\/\/greenx360.com\/it\/consulting-esg\/"]}]},{"@type":"BreadcrumbList","@id":"https:\/\/greenx360.com\/it\/consulting-esg\/#breadcrumb","itemListElement":[{"@type":"ListItem","position":1,"name":"Home","item":"https:\/\/greenx360.com\/it\/"},{"@type":"ListItem","position":2,"name":"Consulting ESG"}]},{"@type":"WebSite","@id":"https:\/\/greenx360.com\/it\/#website","url":"https:\/\/greenx360.com\/it\/","name":"Greenx360","description":"ESG Innovation","publisher":{"@id":"https:\/\/greenx360.com\/it\/#organization"},"potentialAction":[{"@type":"SearchAction","target":{"@type":"EntryPoint","urlTemplate":"https:\/\/greenx360.com\/it\/?s={search_term_string}"},"query-input":{"@type":"PropertyValueSpecification","valueRequired":true,"valueName":"search_term_string"}}],"inLanguage":"it-IT"},{"@type":"Organization","@id":"https:\/\/greenx360.com\/it\/#organization","name":"Greenx360","url":"https:\/\/greenx360.com\/it\/","logo":{"@type":"ImageObject","inLanguage":"it-IT","@id":"https:\/\/greenx360.com\/it\/#\/schema\/logo\/image\/","url":"https:\/\/greenx360.com\/wp-content\/uploads\/2024\/09\/greenx360.png","contentUrl":"https:\/\/greenx360.com\/wp-content\/uploads\/2024\/09\/greenx360.png","width":200,"height":31,"caption":"Greenx360"},"image":{"@id":"https:\/\/greenx360.com\/it\/#\/schema\/logo\/image\/"}}]}},"_links":{"self":[{"href":"https:\/\/greenx360.com\/it\/wp-json\/wp\/v2\/pages\/350","targetHints":{"allow":["GET"]}}],"collection":[{"href":"https:\/\/greenx360.com\/it\/wp-json\/wp\/v2\/pages"}],"about":[{"href":"https:\/\/greenx360.com\/it\/wp-json\/wp\/v2\/types\/page"}],"author":[{"embeddable":true,"href":"https:\/\/greenx360.com\/it\/wp-json\/wp\/v2\/users\/1"}],"replies":[{"embeddable":true,"href":"https:\/\/greenx360.com\/it\/wp-json\/wp\/v2\/comments?post=350"}],"version-history":[{"count":4,"href":"https:\/\/greenx360.com\/it\/wp-json\/wp\/v2\/pages\/350\/revisions"}],"predecessor-version":[{"id":2823,"href":"https:\/\/greenx360.com\/it\/wp-json\/wp\/v2\/pages\/350\/revisions\/2823"}],"wp:attachment":[{"href":"https:\/\/greenx360.com\/it\/wp-json\/wp\/v2\/media?parent=350"}],"curies":[{"name":"wp","href":"https:\/\/api.w.org\/{rel}","templated":true}]}}