{"id":353,"date":"2024-09-12T17:25:06","date_gmt":"2024-09-12T17:25:06","guid":{"rendered":"https:\/\/greenx360.com\/?page_id=353"},"modified":"2024-11-23T23:07:35","modified_gmt":"2024-11-23T21:07:35","slug":"training-esg","status":"publish","type":"page","link":"https:\/\/greenx360.com\/it\/training-esg\/","title":{"rendered":"Training ESG"},"content":{"rendered":"\t\t<div data-elementor-type=\"page\" data-elementor-id=\"788\" class=\"elementor elementor-788\" data-elementor-settings=\"{&quot;ekit_onepagescroll&quot;:&quot;block&quot;}\" data-elementor-post-type=\"elementor_library\">\n\t\t\t\t\t\t<section class=\"elementor-section elementor-top-section elementor-element elementor-element-2eda98f1 elementor-section-height-min-height elementor-section-content-middle elementor-section-full_width elementor-section-height-default elementor-section-items-middle\" data-id=\"2eda98f1\" data-element_type=\"section\" data-e-type=\"section\" data-settings=\"{&quot;background_background&quot;:&quot;classic&quot;}\">\n\t\t\t\t\t\t\t<div class=\"elementor-background-overlay\"><\/div>\n\t\t\t\t\t\t\t<div class=\"elementor-container elementor-column-gap-no\">\n\t\t\t\t\t<div class=\"elementor-column elementor-col-100 elementor-top-column elementor-element elementor-element-6db070a2\" data-id=\"6db070a2\" data-element_type=\"column\" data-e-type=\"column\">\n\t\t\t<div class=\"elementor-widget-wrap\">\n\t\t\t\t\t\t\t<\/div>\n\t\t<\/div>\n\t\t\t\t\t<\/div>\n\t\t<\/section>\n\t\t<div class=\"elementor-element elementor-element-5df0370a e-flex e-con-boxed e-con e-parent\" data-id=\"5df0370a\" data-element_type=\"container\" data-e-type=\"container\" data-settings=\"{&quot;background_background&quot;:&quot;classic&quot;}\">\n\t\t\t\t\t<div class=\"e-con-inner\">\n\t\t\t\t<div class=\"elementor-element elementor-element-54a5a4c0 elementor-widget elementor-widget-heading\" data-id=\"54a5a4c0\" data-element_type=\"widget\" data-e-type=\"widget\" data-widget_type=\"heading.default\">\n\t\t\t\t<div class=\"elementor-widget-container\">\n\t\t\t\t\t<h3 class=\"elementor-heading-title elementor-size-default\">Training ESG<\/h3>\t\t\t\t<\/div>\n\t\t\t\t<\/div>\n\t\t\t\t\t<\/div>\n\t\t\t\t<\/div>\n\t\t<div class=\"elementor-element elementor-element-0ff301c e-flex e-con-boxed e-con e-parent\" data-id=\"0ff301c\" data-element_type=\"container\" data-e-type=\"container\" data-settings=\"{&quot;background_background&quot;:&quot;classic&quot;}\">\n\t\t\t\t\t<div class=\"e-con-inner\">\n\t\t<div class=\"elementor-element elementor-element-23fcbb1 e-con-full e-flex e-con e-child\" data-id=\"23fcbb1\" data-element_type=\"container\" data-e-type=\"container\" data-settings=\"{&quot;background_background&quot;:&quot;classic&quot;}\">\n\t\t\t\t<div class=\"elementor-element elementor-element-8d41b45 elementor-widget elementor-widget-heading\" data-id=\"8d41b45\" data-element_type=\"widget\" data-e-type=\"widget\" data-widget_type=\"heading.default\">\n\t\t\t\t<div class=\"elementor-widget-container\">\n\t\t\t\t\t<h2 class=\"elementor-heading-title elementor-size-default\">Programmi Formativi<\/h2>\t\t\t\t<\/div>\n\t\t\t\t<\/div>\n\t\t\t\t<div class=\"elementor-element elementor-element-6f029c8 elementor-widget elementor-widget-text-editor\" data-id=\"6f029c8\" data-element_type=\"widget\" data-e-type=\"widget\" data-widget_type=\"text-editor.default\">\n\t\t\t\t<div class=\"elementor-widget-container\">\n\t\t\t\t\t\t\t\t\t<p><span style=\"color: #333333;\">Il nostro programma di formazione in ambito sostenibilit\u00e0 \u00e8 progettato per promuovere una cultura aziendale orientata alla sostenibilit\u00e0, coinvolgendo ogni livello dell\u2019organizzazione e adattandosi ai diversi gradi di competenza dei partecipanti. <\/span><\/p><p><span style=\"color: #333333;\">Attraverso l\u2019offerta formativa GREENX360, garantiamo un percorso formativo strutturato per accrescere la consapevolezza e le competenze necessarie per integrare la sostenibilit\u00e0 nelle strategie aziendali.<\/span><\/p><p><strong><span style=\"color: #333333;\">Il programma include:<\/span><\/strong><\/p><ul><li><span style=\"color: #333333;\"><strong>Corso e-learning<\/strong> \u2018Sostenibilit\u00e0: vantaggio competitivo per le aziende\u2019, studiato specificamente per membri del C-Level, Quadri e Dirigenti. Il corso si articola in 4 sessioni, suddivise in moduli da 30 minuti, progettati per facilitare l\u2019apprendimento e l\u2019assimilazione progressiva dei contenuti.<\/span><\/li><li><span style=\"color: #333333;\"><strong>Sessioni di coaching personalizzato<\/strong> in modalit\u00e0 e-learning, dedicate ai professionisti chiave incaricati di guidare l\u2019azienda nella transizione verso pratiche sostenibili.<\/span><\/li><\/ul><p><span style=\"color: #333333;\"><br \/>Il programma complessivo prevede 16 ore di formazione intensiva, con contenuti modulabili e adattati alle esigenze strategiche specifiche dell&#8217;azienda, per garantire un apprendimento mirato e funzionale.<\/span><\/p>\t\t\t\t\t\t\t\t<\/div>\n\t\t\t\t<\/div>\n\t\t\t\t<\/div>\n\t\t<div class=\"elementor-element elementor-element-f6657f2 e-con-full e-flex e-con e-child\" data-id=\"f6657f2\" data-element_type=\"container\" data-e-type=\"container\" data-settings=\"{&quot;background_background&quot;:&quot;classic&quot;}\">\n\t\t\t\t<div class=\"elementor-element elementor-element-4652956 elementor-widget elementor-widget-image\" data-id=\"4652956\" data-element_type=\"widget\" data-e-type=\"widget\" data-widget_type=\"image.default\">\n\t\t\t\t<div class=\"elementor-widget-container\">\n\t\t\t\t\t\t\t\t\t\t\t\t\t\t\t<img fetchpriority=\"high\" decoding=\"async\" width=\"251\" height=\"300\" src=\"https:\/\/greenx360.com\/wp-content\/uploads\/2024\/09\/gx360-green-trasp-251x300.png\" class=\"attachment-medium size-medium wp-image-1161\" alt=\"\" srcset=\"https:\/\/greenx360.com\/wp-content\/uploads\/2024\/09\/gx360-green-trasp-251x300.png 251w, https:\/\/greenx360.com\/wp-content\/uploads\/2024\/09\/gx360-green-trasp.png 319w\" sizes=\"(max-width: 251px) 100vw, 251px\" \/>\t\t\t\t\t\t\t\t\t\t\t\t\t\t\t<\/div>\n\t\t\t\t<\/div>\n\t\t\t\t<\/div>\n\t\t\t\t\t<\/div>\n\t\t\t\t<\/div>\n\t\t<div class=\"elementor-element elementor-element-6bf0c70 e-flex e-con-boxed e-con e-parent\" data-id=\"6bf0c70\" data-element_type=\"container\" data-e-type=\"container\" data-settings=\"{&quot;background_background&quot;:&quot;classic&quot;}\">\n\t\t\t\t\t<div class=\"e-con-inner\">\n\t\t<div class=\"elementor-element elementor-element-5409d52 e-con-full e-flex e-con e-child\" data-id=\"5409d52\" data-element_type=\"container\" data-e-type=\"container\">\n\t\t\t\t<div class=\"elementor-element elementor-element-aca2d23 elementor-widget__width-initial elementor-widget elementor-widget-image\" data-id=\"aca2d23\" data-element_type=\"widget\" data-e-type=\"widget\" data-widget_type=\"image.default\">\n\t\t\t\t<div class=\"elementor-widget-container\">\n\t\t\t\t\t\t\t\t\t\t\t\t\t\t\t<img decoding=\"async\" width=\"251\" height=\"300\" src=\"https:\/\/greenx360.com\/wp-content\/uploads\/2024\/09\/gx360-blu-trasp-4-251x300.png\" class=\"attachment-medium size-medium wp-image-1230\" alt=\"\" srcset=\"https:\/\/greenx360.com\/wp-content\/uploads\/2024\/09\/gx360-blu-trasp-4-251x300.png 251w, https:\/\/greenx360.com\/wp-content\/uploads\/2024\/09\/gx360-blu-trasp-4.png 319w\" sizes=\"(max-width: 251px) 100vw, 251px\" \/>\t\t\t\t\t\t\t\t\t\t\t\t\t\t\t<\/div>\n\t\t\t\t<\/div>\n\t\t\t\t<\/div>\n\t\t<div class=\"elementor-element elementor-element-195fdeb e-con-full e-flex e-con e-child\" data-id=\"195fdeb\" data-element_type=\"container\" data-e-type=\"container\" data-settings=\"{&quot;background_background&quot;:&quot;classic&quot;}\">\n\t\t\t\t<div class=\"elementor-element elementor-element-1593b68 elementor-widget elementor-widget-heading\" data-id=\"1593b68\" data-element_type=\"widget\" data-e-type=\"widget\" data-widget_type=\"heading.default\">\n\t\t\t\t<div class=\"elementor-widget-container\">\n\t\t\t\t\t<h2 class=\"elementor-heading-title elementor-size-default\">Benefici per il Cliente<\/h2>\t\t\t\t<\/div>\n\t\t\t\t<\/div>\n\t\t\t\t<div class=\"elementor-element elementor-element-d39eba9 elementor-widget elementor-widget-text-editor\" data-id=\"d39eba9\" data-element_type=\"widget\" data-e-type=\"widget\" data-widget_type=\"text-editor.default\">\n\t\t\t\t<div class=\"elementor-widget-container\">\n\t\t\t\t\t\t\t\t\t<ul><li><span style=\"color: #333333;\"><strong>Formazione mirata e scalabile<\/strong> che si adatta ai diversi livelli organizzativi, garantendo un approccio inclusivo e omogeneo alla cultura della sostenibilit\u00e0.<\/span><\/li><li><span style=\"color: #333333;\"><strong>Approfondimento per il top management<\/strong>, con un corso e-learning dedicato che fornisce strumenti pratici e conoscenze strategiche per integrare la sostenibilit\u00e0 nella governance aziendale.<\/span><\/li><li><span style=\"color: #333333;\"><strong>Coaching personalizzato<\/strong>, che offre supporto dedicato per le figure chiave dell\u2019azienda, facilitando la transizione e la leadership in ambito sostenibile.<\/span><\/li><li><span style=\"color: #333333;\"><strong>Contenuti flessibili e personalizzabili<\/strong>, che assicurano una formazione allineata agli obiettivi e alle strategie dell&#8217;azienda, migliorando l\u2019efficacia della capacit\u00e0 decisionale.<\/span><\/li><li><span style=\"color: #333333;\"><strong>Maggiore competitivit\u00e0 aziendale<\/strong>, derivante da una preparazione completa e avanzata che posiziona l\u2019azienda come leader consapevole e responsabile nel panorama del mercato.<\/span><\/li><\/ul><p><span style=\"color: #333333;\">\u00a0<\/span><\/p>\t\t\t\t\t\t\t\t<\/div>\n\t\t\t\t<\/div>\n\t\t\t\t<\/div>\n\t\t\t\t\t<\/div>\n\t\t\t\t<\/div>\n\t\t<div class=\"elementor-element elementor-element-cdffbd3 e-flex e-con-boxed e-con e-parent\" data-id=\"cdffbd3\" data-element_type=\"container\" data-e-type=\"container\" data-settings=\"{&quot;background_background&quot;:&quot;classic&quot;}\">\n\t\t\t\t\t<div class=\"e-con-inner\">\n\t\t<div class=\"elementor-element elementor-element-3c6c471 e-con-full e-flex e-con e-child\" data-id=\"3c6c471\" data-element_type=\"container\" data-e-type=\"container\">\n\t\t\t\t<div class=\"elementor-element elementor-element-d8681de elementor-widget elementor-widget-heading\" data-id=\"d8681de\" data-element_type=\"widget\" data-e-type=\"widget\" data-widget_type=\"heading.default\">\n\t\t\t\t<div class=\"elementor-widget-container\">\n\t\t\t\t\t<h2 class=\"elementor-heading-title elementor-size-default\">In Sintesi<\/h2>\t\t\t\t<\/div>\n\t\t\t\t<\/div>\n\t\t\t\t<div class=\"elementor-element elementor-element-b95eff9 elementor-widget elementor-widget-text-editor\" data-id=\"b95eff9\" data-element_type=\"widget\" data-e-type=\"widget\" data-widget_type=\"text-editor.default\">\n\t\t\t\t<div class=\"elementor-widget-container\">\n\t\t\t\t\t\t\t\t\t<p><span style=\"color: #333333;\">Il nostro servizio formativo rappresenta un asset strategico per rafforzare l\u2019impegno verso la sostenibilit\u00e0, creando valore condiviso e un impatto positivo duraturo.<br \/><\/span><\/p>\t\t\t\t\t\t\t\t<\/div>\n\t\t\t\t<\/div>\n\t\t\t\t<\/div>\n\t\t<div class=\"elementor-element elementor-element-d13b76f e-con-full e-flex e-con e-child\" data-id=\"d13b76f\" data-element_type=\"container\" data-e-type=\"container\">\n\t\t\t\t<div class=\"elementor-element elementor-element-e115c8d elementor-widget elementor-widget-image\" data-id=\"e115c8d\" data-element_type=\"widget\" data-e-type=\"widget\" data-widget_type=\"image.default\">\n\t\t\t\t<div class=\"elementor-widget-container\">\n\t\t\t\t\t\t\t\t\t\t\t\t\t\t\t<img decoding=\"async\" width=\"288\" height=\"300\" src=\"https:\/\/greenx360.com\/wp-content\/uploads\/2024\/09\/gx360-green-288x300.png\" class=\"attachment-medium size-medium wp-image-1155\" alt=\"Greenx360 - ESG in Action\" srcset=\"https:\/\/greenx360.com\/wp-content\/uploads\/2024\/09\/gx360-green-288x300.png 288w, https:\/\/greenx360.com\/wp-content\/uploads\/2024\/09\/gx360-green.png 424w\" sizes=\"(max-width: 288px) 100vw, 288px\" \/>\t\t\t\t\t\t\t\t\t\t\t\t\t\t\t<\/div>\n\t\t\t\t<\/div>\n\t\t\t\t<\/div>\n\t\t\t\t\t<\/div>\n\t\t\t\t<\/div>\n\t\t\t\t<\/div>\n\t\t\n","protected":false},"excerpt":{"rendered":"","protected":false},"author":1,"featured_media":0,"parent":0,"menu_order":0,"comment_status":"closed","ping_status":"closed","template":"elementor_header_footer","meta":{"footnotes":""},"class_list":["post-353","page","type-page","status-publish","hentry"],"yoast_head":"<!-- This site is optimized with the Yoast SEO plugin v27.5 - https:\/\/yoast.com\/product\/yoast-seo-wordpress\/ -->\n<title>Training ESG | Greenx360 - ESG in Action<\/title>\n<meta name=\"description\" content=\"GREENX360 offre un percorso formativo strutturato per integrare la sostenibilit\u00e0 nelle strategie aziendali.\" \/>\n<meta name=\"robots\" content=\"index, follow, max-snippet:-1, max-image-preview:large, max-video-preview:-1\" \/>\n<link rel=\"canonical\" href=\"https:\/\/greenx360.com\/it\/training-esg\/\" \/>\n<meta property=\"og:locale\" content=\"it_IT\" \/>\n<meta property=\"og:type\" content=\"article\" \/>\n<meta property=\"og:title\" content=\"Training ESG | Greenx360 - ESG in Action\" \/>\n<meta property=\"og:description\" content=\"GREENX360 offre un percorso formativo strutturato per integrare la sostenibilit\u00e0 nelle strategie aziendali.\" \/>\n<meta property=\"og:url\" content=\"https:\/\/greenx360.com\/it\/training-esg\/\" \/>\n<meta property=\"og:site_name\" content=\"Greenx360\" \/>\n<meta property=\"article:modified_time\" content=\"2024-11-23T21:07:35+00:00\" \/>\n<meta name=\"twitter:card\" content=\"summary_large_image\" \/>\n<meta name=\"twitter:label1\" content=\"Tempo di lettura stimato\" \/>\n\t<meta name=\"twitter:data1\" content=\"1 minuto\" \/>\n<script type=\"application\/ld+json\" class=\"yoast-schema-graph\">{\"@context\":\"https:\\\/\\\/schema.org\",\"@graph\":[{\"@type\":\"WebPage\",\"@id\":\"https:\\\/\\\/greenx360.com\\\/it\\\/training-esg\\\/\",\"url\":\"https:\\\/\\\/greenx360.com\\\/it\\\/training-esg\\\/\",\"name\":\"Training ESG | Greenx360 - ESG in Action\",\"isPartOf\":{\"@id\":\"https:\\\/\\\/greenx360.com\\\/it\\\/#website\"},\"datePublished\":\"2024-09-12T17:25:06+00:00\",\"dateModified\":\"2024-11-23T21:07:35+00:00\",\"description\":\"GREENX360 offre un percorso formativo strutturato per integrare la sostenibilit\u00e0 nelle strategie aziendali.\",\"breadcrumb\":{\"@id\":\"https:\\\/\\\/greenx360.com\\\/it\\\/training-esg\\\/#breadcrumb\"},\"inLanguage\":\"it-IT\",\"potentialAction\":[{\"@type\":\"ReadAction\",\"target\":[\"https:\\\/\\\/greenx360.com\\\/it\\\/training-esg\\\/\"]}]},{\"@type\":\"BreadcrumbList\",\"@id\":\"https:\\\/\\\/greenx360.com\\\/it\\\/training-esg\\\/#breadcrumb\",\"itemListElement\":[{\"@type\":\"ListItem\",\"position\":1,\"name\":\"Home\",\"item\":\"https:\\\/\\\/greenx360.com\\\/it\\\/\"},{\"@type\":\"ListItem\",\"position\":2,\"name\":\"Training ESG\"}]},{\"@type\":\"WebSite\",\"@id\":\"https:\\\/\\\/greenx360.com\\\/it\\\/#website\",\"url\":\"https:\\\/\\\/greenx360.com\\\/it\\\/\",\"name\":\"Greenx360\",\"description\":\"ESG Innovation\",\"publisher\":{\"@id\":\"https:\\\/\\\/greenx360.com\\\/it\\\/#organization\"},\"potentialAction\":[{\"@type\":\"SearchAction\",\"target\":{\"@type\":\"EntryPoint\",\"urlTemplate\":\"https:\\\/\\\/greenx360.com\\\/it\\\/?s={search_term_string}\"},\"query-input\":{\"@type\":\"PropertyValueSpecification\",\"valueRequired\":true,\"valueName\":\"search_term_string\"}}],\"inLanguage\":\"it-IT\"},{\"@type\":\"Organization\",\"@id\":\"https:\\\/\\\/greenx360.com\\\/it\\\/#organization\",\"name\":\"Greenx360\",\"url\":\"https:\\\/\\\/greenx360.com\\\/it\\\/\",\"logo\":{\"@type\":\"ImageObject\",\"inLanguage\":\"it-IT\",\"@id\":\"https:\\\/\\\/greenx360.com\\\/it\\\/#\\\/schema\\\/logo\\\/image\\\/\",\"url\":\"https:\\\/\\\/greenx360.com\\\/wp-content\\\/uploads\\\/2024\\\/09\\\/greenx360.png\",\"contentUrl\":\"https:\\\/\\\/greenx360.com\\\/wp-content\\\/uploads\\\/2024\\\/09\\\/greenx360.png\",\"width\":200,\"height\":31,\"caption\":\"Greenx360\"},\"image\":{\"@id\":\"https:\\\/\\\/greenx360.com\\\/it\\\/#\\\/schema\\\/logo\\\/image\\\/\"}}]}<\/script>\n<!-- \/ Yoast SEO plugin. -->","yoast_head_json":{"title":"Training ESG | Greenx360 - ESG in Action","description":"GREENX360 offre un percorso formativo strutturato per integrare la sostenibilit\u00e0 nelle strategie aziendali.","robots":{"index":"index","follow":"follow","max-snippet":"max-snippet:-1","max-image-preview":"max-image-preview:large","max-video-preview":"max-video-preview:-1"},"canonical":"https:\/\/greenx360.com\/it\/training-esg\/","og_locale":"it_IT","og_type":"article","og_title":"Training ESG | Greenx360 - ESG in Action","og_description":"GREENX360 offre un percorso formativo strutturato per integrare la sostenibilit\u00e0 nelle strategie aziendali.","og_url":"https:\/\/greenx360.com\/it\/training-esg\/","og_site_name":"Greenx360","article_modified_time":"2024-11-23T21:07:35+00:00","twitter_card":"summary_large_image","twitter_misc":{"Tempo di lettura stimato":"1 minuto"},"schema":{"@context":"https:\/\/schema.org","@graph":[{"@type":"WebPage","@id":"https:\/\/greenx360.com\/it\/training-esg\/","url":"https:\/\/greenx360.com\/it\/training-esg\/","name":"Training ESG | Greenx360 - ESG in Action","isPartOf":{"@id":"https:\/\/greenx360.com\/it\/#website"},"datePublished":"2024-09-12T17:25:06+00:00","dateModified":"2024-11-23T21:07:35+00:00","description":"GREENX360 offre un percorso formativo strutturato per integrare la sostenibilit\u00e0 nelle strategie aziendali.","breadcrumb":{"@id":"https:\/\/greenx360.com\/it\/training-esg\/#breadcrumb"},"inLanguage":"it-IT","potentialAction":[{"@type":"ReadAction","target":["https:\/\/greenx360.com\/it\/training-esg\/"]}]},{"@type":"BreadcrumbList","@id":"https:\/\/greenx360.com\/it\/training-esg\/#breadcrumb","itemListElement":[{"@type":"ListItem","position":1,"name":"Home","item":"https:\/\/greenx360.com\/it\/"},{"@type":"ListItem","position":2,"name":"Training ESG"}]},{"@type":"WebSite","@id":"https:\/\/greenx360.com\/it\/#website","url":"https:\/\/greenx360.com\/it\/","name":"Greenx360","description":"ESG Innovation","publisher":{"@id":"https:\/\/greenx360.com\/it\/#organization"},"potentialAction":[{"@type":"SearchAction","target":{"@type":"EntryPoint","urlTemplate":"https:\/\/greenx360.com\/it\/?s={search_term_string}"},"query-input":{"@type":"PropertyValueSpecification","valueRequired":true,"valueName":"search_term_string"}}],"inLanguage":"it-IT"},{"@type":"Organization","@id":"https:\/\/greenx360.com\/it\/#organization","name":"Greenx360","url":"https:\/\/greenx360.com\/it\/","logo":{"@type":"ImageObject","inLanguage":"it-IT","@id":"https:\/\/greenx360.com\/it\/#\/schema\/logo\/image\/","url":"https:\/\/greenx360.com\/wp-content\/uploads\/2024\/09\/greenx360.png","contentUrl":"https:\/\/greenx360.com\/wp-content\/uploads\/2024\/09\/greenx360.png","width":200,"height":31,"caption":"Greenx360"},"image":{"@id":"https:\/\/greenx360.com\/it\/#\/schema\/logo\/image\/"}}]}},"_links":{"self":[{"href":"https:\/\/greenx360.com\/it\/wp-json\/wp\/v2\/pages\/353","targetHints":{"allow":["GET"]}}],"collection":[{"href":"https:\/\/greenx360.com\/it\/wp-json\/wp\/v2\/pages"}],"about":[{"href":"https:\/\/greenx360.com\/it\/wp-json\/wp\/v2\/types\/page"}],"author":[{"embeddable":true,"href":"https:\/\/greenx360.com\/it\/wp-json\/wp\/v2\/users\/1"}],"replies":[{"embeddable":true,"href":"https:\/\/greenx360.com\/it\/wp-json\/wp\/v2\/comments?post=353"}],"version-history":[{"count":4,"href":"https:\/\/greenx360.com\/it\/wp-json\/wp\/v2\/pages\/353\/revisions"}],"predecessor-version":[{"id":2826,"href":"https:\/\/greenx360.com\/it\/wp-json\/wp\/v2\/pages\/353\/revisions\/2826"}],"wp:attachment":[{"href":"https:\/\/greenx360.com\/it\/wp-json\/wp\/v2\/media?parent=353"}],"curies":[{"name":"wp","href":"https:\/\/api.w.org\/{rel}","templated":true}]}}