{"id":355,"date":"2024-10-18T12:33:42","date_gmt":"2024-10-18T10:33:42","guid":{"rendered":"https:\/\/greenx360.com\/?page_id=355"},"modified":"2024-11-23T23:10:55","modified_gmt":"2024-11-23T21:10:55","slug":"reporting-esg","status":"publish","type":"page","link":"https:\/\/greenx360.com\/it\/reporting-esg\/","title":{"rendered":"Reporting ESG"},"content":{"rendered":"\t\t<div data-elementor-type=\"page\" data-elementor-id=\"785\" class=\"elementor elementor-785 elementor-2075\" data-elementor-settings=\"{&quot;ekit_onepagescroll&quot;:&quot;block&quot;}\" data-elementor-post-type=\"elementor_library\">\n\t\t\t\t\t\t<section class=\"elementor-section elementor-top-section elementor-element elementor-element-5dd33218 elementor-section-height-min-height elementor-section-content-middle elementor-section-boxed elementor-section-height-default elementor-section-items-middle\" data-id=\"5dd33218\" data-element_type=\"section\" data-e-type=\"section\" data-settings=\"{&quot;background_background&quot;:&quot;classic&quot;}\">\n\t\t\t\t\t\t\t<div class=\"elementor-background-overlay\"><\/div>\n\t\t\t\t\t\t\t<div class=\"elementor-container elementor-column-gap-no\">\n\t\t\t\t\t<div class=\"elementor-column elementor-col-100 elementor-top-column elementor-element elementor-element-2ccf3f7f\" data-id=\"2ccf3f7f\" data-element_type=\"column\" data-e-type=\"column\">\n\t\t\t<div class=\"elementor-widget-wrap\">\n\t\t\t\t\t\t\t<\/div>\n\t\t<\/div>\n\t\t\t\t\t<\/div>\n\t\t<\/section>\n\t\t<div class=\"elementor-element elementor-element-f1a95ba e-flex e-con-boxed e-con e-parent\" data-id=\"f1a95ba\" data-element_type=\"container\" data-e-type=\"container\" data-settings=\"{&quot;background_background&quot;:&quot;classic&quot;}\">\n\t\t\t\t\t<div class=\"e-con-inner\">\n\t\t<div class=\"elementor-element elementor-element-f109e9b e-con-full e-flex e-con e-child\" data-id=\"f109e9b\" data-element_type=\"container\" data-e-type=\"container\" data-settings=\"{&quot;background_background&quot;:&quot;classic&quot;}\">\n\t\t\t\t<div class=\"elementor-element elementor-element-88971a1 elementor-widget elementor-widget-heading\" data-id=\"88971a1\" data-element_type=\"widget\" data-e-type=\"widget\" data-widget_type=\"heading.default\">\n\t\t\t\t<div class=\"elementor-widget-container\">\n\t\t\t\t\t<h3 class=\"elementor-heading-title elementor-size-default\">Bilancio Sostenibilit\u00e0<\/h3>\t\t\t\t<\/div>\n\t\t\t\t<\/div>\n\t\t\t\t<\/div>\n\t\t\t\t\t<\/div>\n\t\t\t\t<\/div>\n\t\t<div class=\"elementor-element elementor-element-7648026 e-flex e-con-boxed e-con e-parent\" data-id=\"7648026\" data-element_type=\"container\" data-e-type=\"container\" data-settings=\"{&quot;background_background&quot;:&quot;classic&quot;}\">\n\t\t\t\t\t<div class=\"e-con-inner\">\n\t\t<div class=\"elementor-element elementor-element-4cc1227 e-con-full e-flex e-con e-child\" data-id=\"4cc1227\" data-element_type=\"container\" data-e-type=\"container\">\n\t\t<div class=\"elementor-element elementor-element-6bf6dd9 e-con-full e-flex e-con e-child\" data-id=\"6bf6dd9\" data-element_type=\"container\" data-e-type=\"container\">\n\t\t<div class=\"elementor-element elementor-element-db82c4b e-con-full e-flex e-con e-child\" data-id=\"db82c4b\" data-element_type=\"container\" data-e-type=\"container\">\n\t\t\t\t<div class=\"elementor-element elementor-element-9a4b052 elementor-widget elementor-widget-heading\" data-id=\"9a4b052\" data-element_type=\"widget\" data-e-type=\"widget\" data-widget_type=\"heading.default\">\n\t\t\t\t<div class=\"elementor-widget-container\">\n\t\t\t\t\t<h2 class=\"elementor-heading-title elementor-size-default\">Descrizione Servizio<\/h2>\t\t\t\t<\/div>\n\t\t\t\t<\/div>\n\t\t\t\t<div class=\"elementor-element elementor-element-19e57bc elementor-widget elementor-widget-text-editor\" data-id=\"19e57bc\" data-element_type=\"widget\" data-e-type=\"widget\" data-widget_type=\"text-editor.default\">\n\t\t\t\t<div class=\"elementor-widget-container\">\n\t\t\t\t\t\t\t\t\t<p><span style=\"color: #333333;\">Il nostro servizio di implementazione del bilancio di sostenibilit\u00e0 \u00e8 progettato per offrire un supporto completo nella creazione di report aziendali, assicurando la conformit\u00e0 agli standard GRI (Global Reporting Initiative) e alle direttive CSRD (Corporate Sustainability Reporting Directive). Il team di GREENX360 si occupa di sviluppare un report completo, includendo tutte le sezioni necessarie per garantire un documento esaustivo e conforme.<\/span><\/p><p><span style=\"color: #333333;\">Oltre alla creazione dei contenuti, offriamo un servizio di elaborazione grafica del bilancio di sostenibilit\u00e0 per garantire una presentazione professionale e accattivante. Questo servizio pu\u00f2 comprendere:<\/span><\/p><ul><li><span style=\"color: #333333;\">Concept creativo<\/span><\/li><li><span style=\"color: #333333;\">Design e sviluppo grafico<\/span><\/li><li><span style=\"color: #333333;\">Impaginazione finale del report<\/span><\/li><\/ul><p><span style=\"color: #333333;\"><br \/>La nostra offerta \u00e8 personalizzata in base alle esigenze specifiche dell&#8217;azienda, con costi da valutare in funzione dei requisiti del progetto.<\/span><\/p>\t\t\t\t\t\t\t\t<\/div>\n\t\t\t\t<\/div>\n\t\t\t\t<\/div>\n\t\t\t\t<\/div>\n\t\t<div class=\"elementor-element elementor-element-173b44f e-con-full e-flex e-con e-child\" data-id=\"173b44f\" data-element_type=\"container\" data-e-type=\"container\">\n\t\t\t\t<div class=\"elementor-element elementor-element-c6a1941 elementor-widget elementor-widget-image\" data-id=\"c6a1941\" data-element_type=\"widget\" data-e-type=\"widget\" data-widget_type=\"image.default\">\n\t\t\t\t<div class=\"elementor-widget-container\">\n\t\t\t\t\t\t\t\t\t\t\t\t\t\t\t<img fetchpriority=\"high\" decoding=\"async\" width=\"288\" height=\"300\" src=\"https:\/\/greenx360.com\/wp-content\/uploads\/2024\/09\/gx360-green-288x300.png\" class=\"attachment-medium size-medium wp-image-1155\" alt=\"Greenx360 - ESG in Action\" srcset=\"https:\/\/greenx360.com\/wp-content\/uploads\/2024\/09\/gx360-green-288x300.png 288w, https:\/\/greenx360.com\/wp-content\/uploads\/2024\/09\/gx360-green.png 424w\" sizes=\"(max-width: 288px) 100vw, 288px\" \/>\t\t\t\t\t\t\t\t\t\t\t\t\t\t\t<\/div>\n\t\t\t\t<\/div>\n\t\t\t\t<\/div>\n\t\t\t\t<\/div>\n\t\t\t\t\t<\/div>\n\t\t\t\t<\/div>\n\t\t<div class=\"elementor-element elementor-element-580826a e-flex e-con-boxed e-con e-parent\" data-id=\"580826a\" data-element_type=\"container\" data-e-type=\"container\" data-settings=\"{&quot;background_background&quot;:&quot;classic&quot;}\">\n\t\t\t\t\t<div class=\"e-con-inner\">\n\t\t<div class=\"elementor-element elementor-element-ff34008 e-con-full e-flex e-con e-child\" data-id=\"ff34008\" data-element_type=\"container\" data-e-type=\"container\">\n\t\t<div class=\"elementor-element elementor-element-a2d55e9 e-con-full e-flex e-con e-child\" data-id=\"a2d55e9\" data-element_type=\"container\" data-e-type=\"container\">\n\t\t\t\t<div class=\"elementor-element elementor-element-1e36f3a elementor-widget elementor-widget-image\" data-id=\"1e36f3a\" data-element_type=\"widget\" data-e-type=\"widget\" data-widget_type=\"image.default\">\n\t\t\t\t<div class=\"elementor-widget-container\">\n\t\t\t\t\t\t\t\t\t\t\t\t\t\t\t<img decoding=\"async\" width=\"288\" height=\"300\" src=\"https:\/\/greenx360.com\/wp-content\/uploads\/2024\/09\/gx360-blu-grey-288x300.png\" class=\"attachment-medium size-medium wp-image-1232\" alt=\"\" srcset=\"https:\/\/greenx360.com\/wp-content\/uploads\/2024\/09\/gx360-blu-grey-288x300.png 288w, https:\/\/greenx360.com\/wp-content\/uploads\/2024\/09\/gx360-blu-grey.png 424w\" sizes=\"(max-width: 288px) 100vw, 288px\" \/>\t\t\t\t\t\t\t\t\t\t\t\t\t\t\t<\/div>\n\t\t\t\t<\/div>\n\t\t\t\t<\/div>\n\t\t<div class=\"elementor-element elementor-element-09419ae e-con-full e-flex e-con e-child\" data-id=\"09419ae\" data-element_type=\"container\" data-e-type=\"container\">\n\t\t<div class=\"elementor-element elementor-element-29639d8 e-con-full e-flex e-con e-child\" data-id=\"29639d8\" data-element_type=\"container\" data-e-type=\"container\">\n\t\t\t\t<div class=\"elementor-element elementor-element-bc0d23e elementor-widget elementor-widget-heading\" data-id=\"bc0d23e\" data-element_type=\"widget\" data-e-type=\"widget\" data-widget_type=\"heading.default\">\n\t\t\t\t<div class=\"elementor-widget-container\">\n\t\t\t\t\t<h2 class=\"elementor-heading-title elementor-size-default\">Benefici per il Cliente<\/h2>\t\t\t\t<\/div>\n\t\t\t\t<\/div>\n\t\t\t\t<div class=\"elementor-element elementor-element-58245e5 elementor-widget elementor-widget-text-editor\" data-id=\"58245e5\" data-element_type=\"widget\" data-e-type=\"widget\" data-widget_type=\"text-editor.default\">\n\t\t\t\t<div class=\"elementor-widget-container\">\n\t\t\t\t\t\t\t\t\t<ul><li><span style=\"color: #333333;\"><strong>Conformit\u00e0 agli standard internazionali<\/strong>, grazie a un report strutturato secondo le linee guida GRI e le disposizioni della direttiva CSRD, assicurando trasparenza e completezza delle informazioni.<\/span><\/li><li><span style=\"color: #333333;\"><strong>Creazione di contenuti completi<\/strong>, per un documento informativo e dettagliato che comunica efficacemente l\u2019impegno aziendale verso la sostenibilit\u00e0.<\/span><\/li><li><span style=\"color: #333333;\"><strong>Presentazione grafica professionale<\/strong>, con un design curato che valorizza il contenuto e migliora la leggibilit\u00e0, rendendo il bilancio pi\u00f9 attraente per gli stakeholder.<\/span><\/li><li><span style=\"color: #333333;\"><strong>Personalizzazione del servizio<\/strong>, per rispondere in modo mirato alle esigenze strategiche e comunicative della vostra azienda.<\/span><\/li><li><span style=\"color: #333333;\"><strong>Supporto strategico continuo<\/strong>, dalla pianificazione alla consegna del report finale, garantendo una gestione efficace delle attivit\u00e0 di reporting.<\/span><\/li><\/ul>\t\t\t\t\t\t\t\t<\/div>\n\t\t\t\t<\/div>\n\t\t\t\t<\/div>\n\t\t\t\t<\/div>\n\t\t\t\t<\/div>\n\t\t\t\t\t<\/div>\n\t\t\t\t<\/div>\n\t\t<div class=\"elementor-element elementor-element-5a3fa8e e-flex e-con-boxed e-con e-parent\" data-id=\"5a3fa8e\" data-element_type=\"container\" data-e-type=\"container\" data-settings=\"{&quot;background_background&quot;:&quot;classic&quot;}\">\n\t\t\t\t\t<div class=\"e-con-inner\">\n\t\t<div class=\"elementor-element elementor-element-8885fe7 e-con-full e-flex e-con e-child\" data-id=\"8885fe7\" data-element_type=\"container\" data-e-type=\"container\" data-settings=\"{&quot;background_background&quot;:&quot;classic&quot;}\">\n\t\t<div class=\"elementor-element elementor-element-2295ad8 e-con-full e-flex e-con e-child\" data-id=\"2295ad8\" data-element_type=\"container\" data-e-type=\"container\">\n\t\t<div class=\"elementor-element elementor-element-6403b9b e-con-full e-flex e-con e-child\" data-id=\"6403b9b\" data-element_type=\"container\" data-e-type=\"container\">\n\t\t\t\t<div class=\"elementor-element elementor-element-035a120 elementor-widget elementor-widget-heading\" data-id=\"035a120\" data-element_type=\"widget\" data-e-type=\"widget\" data-widget_type=\"heading.default\">\n\t\t\t\t<div class=\"elementor-widget-container\">\n\t\t\t\t\t<h2 class=\"elementor-heading-title elementor-size-default\">In Sintesi<\/h2>\t\t\t\t<\/div>\n\t\t\t\t<\/div>\n\t\t\t\t<div class=\"elementor-element elementor-element-ca318e1 elementor-widget elementor-widget-heading\" data-id=\"ca318e1\" data-element_type=\"widget\" data-e-type=\"widget\" data-widget_type=\"heading.default\">\n\t\t\t\t<div class=\"elementor-widget-container\">\n\t\t\t\t\t<h2 class=\"elementor-heading-title elementor-size-default\">GREENX360<\/h2>\t\t\t\t<\/div>\n\t\t\t\t<\/div>\n\t\t\t\t<div class=\"elementor-element elementor-element-c4ac3f9 elementor-widget elementor-widget-text-editor\" data-id=\"c4ac3f9\" data-element_type=\"widget\" data-e-type=\"widget\" data-widget_type=\"text-editor.default\">\n\t\t\t\t<div class=\"elementor-widget-container\">\n\t\t\t\t\t\t\t\t\t<p><span style=\"color: #333333;\">Con GREENX360, il vostro bilancio di sostenibilit\u00e0 sar\u00e0 un potente strumento di comunicazione che evidenzia il vostro impegno verso la sostenibilit\u00e0, rafforzando la fiducia degli stakeholder e migliorando la reputazione aziendale.<\/span><\/p>\t\t\t\t\t\t\t\t<\/div>\n\t\t\t\t<\/div>\n\t\t\t\t<\/div>\n\t\t\t\t<\/div>\n\t\t<div class=\"elementor-element elementor-element-e911f50 e-con-full e-flex e-con e-child\" data-id=\"e911f50\" data-element_type=\"container\" data-e-type=\"container\">\n\t\t\t\t<div class=\"elementor-element elementor-element-802fe53 elementor-widget elementor-widget-image\" data-id=\"802fe53\" data-element_type=\"widget\" data-e-type=\"widget\" data-widget_type=\"image.default\">\n\t\t\t\t<div class=\"elementor-widget-container\">\n\t\t\t\t\t\t\t\t\t\t\t\t\t\t\t<img fetchpriority=\"high\" decoding=\"async\" width=\"288\" height=\"300\" src=\"https:\/\/greenx360.com\/wp-content\/uploads\/2024\/09\/gx360-green-288x300.png\" class=\"attachment-medium size-medium wp-image-1155\" alt=\"Greenx360 - ESG in Action\" srcset=\"https:\/\/greenx360.com\/wp-content\/uploads\/2024\/09\/gx360-green-288x300.png 288w, https:\/\/greenx360.com\/wp-content\/uploads\/2024\/09\/gx360-green.png 424w\" sizes=\"(max-width: 288px) 100vw, 288px\" \/>\t\t\t\t\t\t\t\t\t\t\t\t\t\t\t<\/div>\n\t\t\t\t<\/div>\n\t\t\t\t<\/div>\n\t\t\t\t<\/div>\n\t\t\t\t\t<\/div>\n\t\t\t\t<\/div>\n\t\t\t\t<\/div>\n\t\t\n","protected":false},"excerpt":{"rendered":"","protected":false},"author":1,"featured_media":0,"parent":0,"menu_order":0,"comment_status":"closed","ping_status":"closed","template":"elementor_header_footer","meta":{"footnotes":""},"class_list":["post-355","page","type-page","status-publish","hentry"],"yoast_head":"<!-- This site is optimized with the Yoast SEO plugin v27.5 - https:\/\/yoast.com\/product\/yoast-seo-wordpress\/ -->\n<title>Reporting ESG | Greenx360 - ESG in Action!<\/title>\n<meta name=\"description\" content=\"Grenx360 offre un servizio di elaborazione grafica del bilancio di sostenibilit\u00e0 per una presentazione professionale e accattivante.\" \/>\n<meta name=\"robots\" content=\"index, follow, max-snippet:-1, max-image-preview:large, max-video-preview:-1\" \/>\n<link rel=\"canonical\" href=\"https:\/\/greenx360.com\/it\/reporting-esg\/\" \/>\n<meta property=\"og:locale\" content=\"it_IT\" \/>\n<meta property=\"og:type\" content=\"article\" \/>\n<meta property=\"og:title\" content=\"Reporting ESG | Greenx360 - ESG in Action!\" \/>\n<meta property=\"og:description\" content=\"Grenx360 offre un servizio di elaborazione grafica del bilancio di sostenibilit\u00e0 per una presentazione professionale e accattivante.\" \/>\n<meta property=\"og:url\" content=\"https:\/\/greenx360.com\/it\/reporting-esg\/\" \/>\n<meta property=\"og:site_name\" content=\"Greenx360\" \/>\n<meta property=\"article:modified_time\" content=\"2024-11-23T21:10:55+00:00\" \/>\n<meta name=\"twitter:card\" content=\"summary_large_image\" \/>\n<meta name=\"twitter:label1\" content=\"Tempo di lettura stimato\" \/>\n\t<meta name=\"twitter:data1\" content=\"1 minuto\" \/>\n<script type=\"application\/ld+json\" class=\"yoast-schema-graph\">{\"@context\":\"https:\\\/\\\/schema.org\",\"@graph\":[{\"@type\":\"WebPage\",\"@id\":\"https:\\\/\\\/greenx360.com\\\/it\\\/reporting-esg\\\/\",\"url\":\"https:\\\/\\\/greenx360.com\\\/it\\\/reporting-esg\\\/\",\"name\":\"Reporting ESG | Greenx360 - ESG in Action!\",\"isPartOf\":{\"@id\":\"https:\\\/\\\/greenx360.com\\\/it\\\/#website\"},\"datePublished\":\"2024-10-18T10:33:42+00:00\",\"dateModified\":\"2024-11-23T21:10:55+00:00\",\"description\":\"Grenx360 offre un servizio di elaborazione grafica del bilancio di sostenibilit\u00e0 per una presentazione professionale e accattivante.\",\"breadcrumb\":{\"@id\":\"https:\\\/\\\/greenx360.com\\\/it\\\/reporting-esg\\\/#breadcrumb\"},\"inLanguage\":\"it-IT\",\"potentialAction\":[{\"@type\":\"ReadAction\",\"target\":[\"https:\\\/\\\/greenx360.com\\\/it\\\/reporting-esg\\\/\"]}]},{\"@type\":\"BreadcrumbList\",\"@id\":\"https:\\\/\\\/greenx360.com\\\/it\\\/reporting-esg\\\/#breadcrumb\",\"itemListElement\":[{\"@type\":\"ListItem\",\"position\":1,\"name\":\"Home\",\"item\":\"https:\\\/\\\/greenx360.com\\\/it\\\/\"},{\"@type\":\"ListItem\",\"position\":2,\"name\":\"Reporting ESG\"}]},{\"@type\":\"WebSite\",\"@id\":\"https:\\\/\\\/greenx360.com\\\/it\\\/#website\",\"url\":\"https:\\\/\\\/greenx360.com\\\/it\\\/\",\"name\":\"Greenx360\",\"description\":\"ESG Innovation\",\"publisher\":{\"@id\":\"https:\\\/\\\/greenx360.com\\\/it\\\/#organization\"},\"potentialAction\":[{\"@type\":\"SearchAction\",\"target\":{\"@type\":\"EntryPoint\",\"urlTemplate\":\"https:\\\/\\\/greenx360.com\\\/it\\\/?s={search_term_string}\"},\"query-input\":{\"@type\":\"PropertyValueSpecification\",\"valueRequired\":true,\"valueName\":\"search_term_string\"}}],\"inLanguage\":\"it-IT\"},{\"@type\":\"Organization\",\"@id\":\"https:\\\/\\\/greenx360.com\\\/it\\\/#organization\",\"name\":\"Greenx360\",\"url\":\"https:\\\/\\\/greenx360.com\\\/it\\\/\",\"logo\":{\"@type\":\"ImageObject\",\"inLanguage\":\"it-IT\",\"@id\":\"https:\\\/\\\/greenx360.com\\\/it\\\/#\\\/schema\\\/logo\\\/image\\\/\",\"url\":\"https:\\\/\\\/greenx360.com\\\/wp-content\\\/uploads\\\/2024\\\/09\\\/greenx360.png\",\"contentUrl\":\"https:\\\/\\\/greenx360.com\\\/wp-content\\\/uploads\\\/2024\\\/09\\\/greenx360.png\",\"width\":200,\"height\":31,\"caption\":\"Greenx360\"},\"image\":{\"@id\":\"https:\\\/\\\/greenx360.com\\\/it\\\/#\\\/schema\\\/logo\\\/image\\\/\"}}]}<\/script>\n<!-- \/ Yoast SEO plugin. -->","yoast_head_json":{"title":"Reporting ESG | Greenx360 - ESG in Action!","description":"Grenx360 offre un servizio di elaborazione grafica del bilancio di sostenibilit\u00e0 per una presentazione professionale e accattivante.","robots":{"index":"index","follow":"follow","max-snippet":"max-snippet:-1","max-image-preview":"max-image-preview:large","max-video-preview":"max-video-preview:-1"},"canonical":"https:\/\/greenx360.com\/it\/reporting-esg\/","og_locale":"it_IT","og_type":"article","og_title":"Reporting ESG | Greenx360 - ESG in Action!","og_description":"Grenx360 offre un servizio di elaborazione grafica del bilancio di sostenibilit\u00e0 per una presentazione professionale e accattivante.","og_url":"https:\/\/greenx360.com\/it\/reporting-esg\/","og_site_name":"Greenx360","article_modified_time":"2024-11-23T21:10:55+00:00","twitter_card":"summary_large_image","twitter_misc":{"Tempo di lettura stimato":"1 minuto"},"schema":{"@context":"https:\/\/schema.org","@graph":[{"@type":"WebPage","@id":"https:\/\/greenx360.com\/it\/reporting-esg\/","url":"https:\/\/greenx360.com\/it\/reporting-esg\/","name":"Reporting ESG | Greenx360 - ESG in Action!","isPartOf":{"@id":"https:\/\/greenx360.com\/it\/#website"},"datePublished":"2024-10-18T10:33:42+00:00","dateModified":"2024-11-23T21:10:55+00:00","description":"Grenx360 offre un servizio di elaborazione grafica del bilancio di sostenibilit\u00e0 per una presentazione professionale e accattivante.","breadcrumb":{"@id":"https:\/\/greenx360.com\/it\/reporting-esg\/#breadcrumb"},"inLanguage":"it-IT","potentialAction":[{"@type":"ReadAction","target":["https:\/\/greenx360.com\/it\/reporting-esg\/"]}]},{"@type":"BreadcrumbList","@id":"https:\/\/greenx360.com\/it\/reporting-esg\/#breadcrumb","itemListElement":[{"@type":"ListItem","position":1,"name":"Home","item":"https:\/\/greenx360.com\/it\/"},{"@type":"ListItem","position":2,"name":"Reporting ESG"}]},{"@type":"WebSite","@id":"https:\/\/greenx360.com\/it\/#website","url":"https:\/\/greenx360.com\/it\/","name":"Greenx360","description":"ESG Innovation","publisher":{"@id":"https:\/\/greenx360.com\/it\/#organization"},"potentialAction":[{"@type":"SearchAction","target":{"@type":"EntryPoint","urlTemplate":"https:\/\/greenx360.com\/it\/?s={search_term_string}"},"query-input":{"@type":"PropertyValueSpecification","valueRequired":true,"valueName":"search_term_string"}}],"inLanguage":"it-IT"},{"@type":"Organization","@id":"https:\/\/greenx360.com\/it\/#organization","name":"Greenx360","url":"https:\/\/greenx360.com\/it\/","logo":{"@type":"ImageObject","inLanguage":"it-IT","@id":"https:\/\/greenx360.com\/it\/#\/schema\/logo\/image\/","url":"https:\/\/greenx360.com\/wp-content\/uploads\/2024\/09\/greenx360.png","contentUrl":"https:\/\/greenx360.com\/wp-content\/uploads\/2024\/09\/greenx360.png","width":200,"height":31,"caption":"Greenx360"},"image":{"@id":"https:\/\/greenx360.com\/it\/#\/schema\/logo\/image\/"}}]}},"_links":{"self":[{"href":"https:\/\/greenx360.com\/it\/wp-json\/wp\/v2\/pages\/355","targetHints":{"allow":["GET"]}}],"collection":[{"href":"https:\/\/greenx360.com\/it\/wp-json\/wp\/v2\/pages"}],"about":[{"href":"https:\/\/greenx360.com\/it\/wp-json\/wp\/v2\/types\/page"}],"author":[{"embeddable":true,"href":"https:\/\/greenx360.com\/it\/wp-json\/wp\/v2\/users\/1"}],"replies":[{"embeddable":true,"href":"https:\/\/greenx360.com\/it\/wp-json\/wp\/v2\/comments?post=355"}],"version-history":[{"count":4,"href":"https:\/\/greenx360.com\/it\/wp-json\/wp\/v2\/pages\/355\/revisions"}],"predecessor-version":[{"id":2829,"href":"https:\/\/greenx360.com\/it\/wp-json\/wp\/v2\/pages\/355\/revisions\/2829"}],"wp:attachment":[{"href":"https:\/\/greenx360.com\/it\/wp-json\/wp\/v2\/media?parent=355"}],"curies":[{"name":"wp","href":"https:\/\/api.w.org\/{rel}","templated":true}]}}