{"id":840,"date":"2024-09-17T17:43:01","date_gmt":"2024-09-17T17:43:01","guid":{"rendered":"https:\/\/greenx360.com\/?page_id=840"},"modified":"2024-09-17T17:45:07","modified_gmt":"2024-09-17T17:45:07","slug":"esg-newsletter","status":"publish","type":"page","link":"https:\/\/greenx360.com\/it\/esg-newsletter\/","title":{"rendered":"Newsletter"},"content":{"rendered":"\t\t<div data-elementor-type=\"page\" data-elementor-id=\"842\" class=\"elementor elementor-842\" data-elementor-post-type=\"elementor_library\">\n\t\t\t\t\t\t<section class=\"elementor-section elementor-top-section elementor-element elementor-element-85f827f elementor-section-height-min-height elementor-section-content-middle elementor-section-boxed elementor-section-height-default elementor-section-items-middle\" data-id=\"85f827f\" data-element_type=\"section\" data-e-type=\"section\" data-settings=\"{&quot;background_background&quot;:&quot;classic&quot;}\">\n\t\t\t\t\t\t\t<div class=\"elementor-background-overlay\"><\/div>\n\t\t\t\t\t\t\t<div class=\"elementor-container elementor-column-gap-no\">\n\t\t\t\t\t<div class=\"elementor-column elementor-col-100 elementor-top-column elementor-element elementor-element-c213860\" data-id=\"c213860\" data-element_type=\"column\" data-e-type=\"column\" data-settings=\"{&quot;background_background&quot;:&quot;classic&quot;}\">\n\t\t\t<div class=\"elementor-widget-wrap elementor-element-populated\">\n\t\t\t\t\t\t<div class=\"elementor-element elementor-element-5d8a502 elementor-widget elementor-widget-heading\" data-id=\"5d8a502\" data-element_type=\"widget\" data-e-type=\"widget\" data-widget_type=\"heading.default\">\n\t\t\t\t<div class=\"elementor-widget-container\">\n\t\t\t\t\t<h3 class=\"elementor-heading-title elementor-size-default\">\n<\/h3>\t\t\t\t<\/div>\n\t\t\t\t<\/div>\n\t\t\t\t\t<\/div>\n\t\t<\/div>\n\t\t\t\t\t<\/div>\n\t\t<\/section>\n\t\t<div class=\"elementor-element elementor-element-1457c17 e-flex e-con-boxed e-con e-parent\" data-id=\"1457c17\" data-element_type=\"container\" data-e-type=\"container\">\n\t\t\t\t\t<div class=\"e-con-inner\">\n\t\t\t\t<div class=\"elementor-element elementor-element-8849d6f elementor-widget elementor-widget-heading\" data-id=\"8849d6f\" data-element_type=\"widget\" data-e-type=\"widget\" data-widget_type=\"heading.default\">\n\t\t\t\t<div class=\"elementor-widget-container\">\n\t\t\t\t\t<h1 class=\"elementor-heading-title elementor-size-default\">Newsletter<\/h1>\t\t\t\t<\/div>\n\t\t\t\t<\/div>\n\t\t\t\t\t<\/div>\n\t\t\t\t<\/div>\n\t\t<div class=\"elementor-element elementor-element-9c8551b e-flex e-con-boxed e-con e-parent\" data-id=\"9c8551b\" data-element_type=\"container\" data-e-type=\"container\">\n\t\t\t\t\t<div class=\"e-con-inner\">\n\t\t<div class=\"elementor-element elementor-element-79b2259 e-con-full e-flex e-con e-child\" data-id=\"79b2259\" data-element_type=\"container\" data-e-type=\"container\">\n\t\t\t\t<div class=\"elementor-element elementor-element-f63d44c elementor-widget elementor-widget-text-editor\" data-id=\"f63d44c\" data-element_type=\"widget\" data-e-type=\"widget\" data-widget_type=\"text-editor.default\">\n\t\t\t\t<div class=\"elementor-widget-container\">\n\t\t\t\t\t\t\t\t\t<p>La newsletter di GreenX360 \u00e8 un&#8217;importante risorsa per chi \u00e8 interessato alla sostenibilit\u00e0 e all&#8217;innovazione ambientale.<\/p><p>Iscriviti per ricevere aggiornamenti, notizie, eventi e progetti legati alla sostenibilit\u00e0, nonch\u00e8 contenuti esclusivi e iniziative promosse da GreenX360.<\/p>\t\t\t\t\t\t\t\t<\/div>\n\t\t\t\t<\/div>\n\t\t\t\t<div class=\"elementor-element elementor-element-e46863d elementor-button-align-center elementor-widget elementor-widget-form\" data-id=\"e46863d\" data-element_type=\"widget\" data-e-type=\"widget\" data-settings=\"{&quot;button_width&quot;:&quot;40&quot;,&quot;step_next_label&quot;:&quot;Successivo&quot;,&quot;step_previous_label&quot;:&quot;Precedente&quot;,&quot;step_icon_shape&quot;:&quot;rounded&quot;,&quot;step_type&quot;:&quot;number_text&quot;}\" data-widget_type=\"form.default\">\n\t\t\t\t<div class=\"elementor-widget-container\">\n\t\t\t\t\t\t\t<form class=\"elementor-form\" method=\"post\" name=\"Newsletter\" aria-label=\"Newsletter\">\n\t\t\t<input type=\"hidden\" name=\"post_id\" value=\"842\"\/>\n\t\t\t<input type=\"hidden\" name=\"form_id\" value=\"e46863d\"\/>\n\t\t\t<input type=\"hidden\" name=\"referer_title\" value=\"ESG Newsletter | Greenx360 E\" \/>\n\n\t\t\t\t\t\t\t<input type=\"hidden\" name=\"queried_id\" value=\"840\"\/>\n\t\t\t\n\t\t\t<div class=\"elementor-form-fields-wrapper elementor-labels-above\">\n\t\t\t\t\t\t\t\t<div class=\"elementor-field-type-text elementor-field-group elementor-column elementor-field-group-name elementor-col-100 elementor-field-required elementor-mark-required\">\n\t\t\t\t\t\t\t\t\t\t\t\t<label for=\"form-field-name\" class=\"elementor-field-label\">\n\t\t\t\t\t\t\t\tNome\t\t\t\t\t\t\t<\/label>\n\t\t\t\t\t\t\t\t\t\t\t\t\t\t<input size=\"1\" type=\"text\" name=\"form_fields[name]\" id=\"form-field-name\" class=\"elementor-field elementor-size-sm  elementor-field-textual\" required=\"required\">\n\t\t\t\t\t\t\t\t\t\t\t<\/div>\n\t\t\t\t\t\t\t\t<div class=\"elementor-field-type-email elementor-field-group elementor-column elementor-field-group-email elementor-col-100 elementor-field-required elementor-mark-required\">\n\t\t\t\t\t\t\t\t\t\t\t\t<label for=\"form-field-email\" class=\"elementor-field-label\">\n\t\t\t\t\t\t\t\tEmail\t\t\t\t\t\t\t<\/label>\n\t\t\t\t\t\t\t\t\t\t\t\t\t\t<input size=\"1\" type=\"email\" name=\"form_fields[email]\" id=\"form-field-email\" class=\"elementor-field elementor-size-sm  elementor-field-textual\" required=\"required\">\n\t\t\t\t\t\t\t\t\t\t\t<\/div>\n\t\t\t\t\t\t\t\t<div class=\"elementor-field-type-acceptance elementor-field-group elementor-column elementor-field-group-field_b39fbaa elementor-col-100 elementor-field-required elementor-mark-required\">\n\t\t\t\t\t\t\t\t\t\t\t\t<label for=\"form-field-field_b39fbaa\" class=\"elementor-field-label\">\n\t\t\t\t\t\t\t\tConsenso Newsletter\t\t\t\t\t\t\t<\/label>\n\t\t\t\t\t\t\t\t<div class=\"elementor-field-subgroup\">\n\t\t\t<span class=\"elementor-field-option\">\n\t\t\t\t<input type=\"checkbox\" name=\"form_fields[field_b39fbaa]\" id=\"form-field-field_b39fbaa\" class=\"elementor-field elementor-size-sm  elementor-acceptance-field\" required=\"required\">\n\t\t\t\t<label for=\"form-field-field_b39fbaa\">\nHo preso visione della informativa di cui all\u2019art. 13 del Regolamento 679\/2016 (GDPR) presente sul sito e presto consenso informato al trattamento dei miei dati personali per ricevere newsletter.<\/label>\t\t\t<\/span>\n\t\t<\/div>\n\t\t\t\t\t\t<\/div>\n\t\t\t\t\t\t\t\t<div class=\"elementor-field-type-acceptance elementor-field-group elementor-column elementor-field-group-field_038d24c elementor-col-100 elementor-field-required elementor-mark-required\">\n\t\t\t\t\t\t\t\t\t\t\t\t<label for=\"form-field-field_038d24c\" class=\"elementor-field-label\">\n\t\t\t\t\t\t\t\tConsenso Informazioni Servizi\t\t\t\t\t\t\t<\/label>\n\t\t\t\t\t\t\t\t<div class=\"elementor-field-subgroup\">\n\t\t\t<span class=\"elementor-field-option\">\n\t\t\t\t<input type=\"checkbox\" name=\"form_fields[field_038d24c]\" id=\"form-field-field_038d24c\" class=\"elementor-field elementor-size-sm  elementor-acceptance-field\" required=\"required\">\n\t\t\t\t<label for=\"form-field-field_038d24c\">\nHo preso visione della informativa di cui all\u2019art. 13 del Regolamento 679\/2016 (GDPR) presente sul sito e presto consenso informato al trattamento dei miei dati personali per ricevere informazioni sui servizi GX360.<\/label>\t\t\t<\/span>\n\t\t<\/div>\n\t\t\t\t\t\t<\/div>\n\t\t\t\t\t\t\t\t<div class=\"elementor-field-group elementor-column elementor-field-type-submit elementor-col-40 e-form__buttons\">\n\t\t\t\t\t<button class=\"elementor-button elementor-size-sm\" type=\"submit\">\n\t\t\t\t\t\t<span class=\"elementor-button-content-wrapper\">\n\t\t\t\t\t\t\t\t\t\t\t\t\t\t\t\t\t\t\t\t\t\t<span class=\"elementor-button-text\">Invia<\/span>\n\t\t\t\t\t\t\t\t\t\t\t\t\t<\/span>\n\t\t\t\t\t<\/button>\n\t\t\t\t<\/div>\n\t\t\t<\/div>\n\t\t<\/form>\n\t\t\t\t\t\t<\/div>\n\t\t\t\t<\/div>\n\t\t\t\t<\/div>\n\t\t<div class=\"elementor-element elementor-element-c305566 e-con-full e-flex e-con e-child\" data-id=\"c305566\" data-element_type=\"container\" data-e-type=\"container\">\n\t\t\t\t<div class=\"elementor-element elementor-element-952ed73 elementor-widget elementor-widget-image\" data-id=\"952ed73\" data-element_type=\"widget\" data-e-type=\"widget\" data-widget_type=\"image.default\">\n\t\t\t\t<div class=\"elementor-widget-container\">\n\t\t\t\t\t\t\t\t\t\t\t\t\t\t\t<img fetchpriority=\"high\" decoding=\"async\" width=\"728\" height=\"548\" src=\"https:\/\/greenx360.com\/wp-content\/uploads\/2024\/09\/Schermata-2024-09-20-alle-13.15.02.png\" class=\"attachment-full size-full wp-image-1167\" alt=\"\" srcset=\"https:\/\/greenx360.com\/wp-content\/uploads\/2024\/09\/Schermata-2024-09-20-alle-13.15.02.png 728w, https:\/\/greenx360.com\/wp-content\/uploads\/2024\/09\/Schermata-2024-09-20-alle-13.15.02-300x226.png 300w, https:\/\/greenx360.com\/wp-content\/uploads\/2024\/09\/Schermata-2024-09-20-alle-13.15.02-600x452.png 600w\" sizes=\"(max-width: 728px) 100vw, 728px\" \/>\t\t\t\t\t\t\t\t\t\t\t\t\t\t\t<\/div>\n\t\t\t\t<\/div>\n\t\t\t\t<\/div>\n\t\t\t\t\t<\/div>\n\t\t\t\t<\/div>\n\t\t\t\t<\/div>\n\t\t\n","protected":false},"excerpt":{"rendered":"","protected":false},"author":1,"featured_media":0,"parent":0,"menu_order":0,"comment_status":"closed","ping_status":"closed","template":"elementor_header_footer","meta":{"footnotes":""},"class_list":["post-840","page","type-page","status-publish","hentry"],"yoast_head":"<!-- This site is optimized with the Yoast SEO plugin v27.5 - https:\/\/yoast.com\/product\/yoast-seo-wordpress\/ -->\n<title>ESG Newsletter | Greenx360 E<\/title>\n<meta name=\"robots\" content=\"index, follow, max-snippet:-1, max-image-preview:large, max-video-preview:-1\" \/>\n<link rel=\"canonical\" href=\"https:\/\/greenx360.com\/it\/esg-newsletter\/\" \/>\n<meta property=\"og:locale\" content=\"it_IT\" \/>\n<meta property=\"og:type\" content=\"article\" \/>\n<meta property=\"og:title\" content=\"ESG Newsletter | Greenx360 E\" \/>\n<meta property=\"og:url\" content=\"https:\/\/greenx360.com\/it\/esg-newsletter\/\" \/>\n<meta property=\"og:site_name\" content=\"Greenx360\" \/>\n<meta property=\"article:modified_time\" content=\"2024-09-17T17:45:07+00:00\" \/>\n<meta name=\"twitter:card\" content=\"summary_large_image\" \/>\n<meta name=\"twitter:label1\" content=\"Tempo di lettura stimato\" \/>\n\t<meta name=\"twitter:data1\" content=\"1 minuto\" \/>\n<script type=\"application\/ld+json\" class=\"yoast-schema-graph\">{\"@context\":\"https:\\\/\\\/schema.org\",\"@graph\":[{\"@type\":\"WebPage\",\"@id\":\"https:\\\/\\\/greenx360.com\\\/it\\\/esg-newsletter\\\/\",\"url\":\"https:\\\/\\\/greenx360.com\\\/it\\\/esg-newsletter\\\/\",\"name\":\"ESG Newsletter | Greenx360 E\",\"isPartOf\":{\"@id\":\"https:\\\/\\\/greenx360.com\\\/it\\\/#website\"},\"datePublished\":\"2024-09-17T17:43:01+00:00\",\"dateModified\":\"2024-09-17T17:45:07+00:00\",\"breadcrumb\":{\"@id\":\"https:\\\/\\\/greenx360.com\\\/it\\\/esg-newsletter\\\/#breadcrumb\"},\"inLanguage\":\"it-IT\",\"potentialAction\":[{\"@type\":\"ReadAction\",\"target\":[\"https:\\\/\\\/greenx360.com\\\/it\\\/esg-newsletter\\\/\"]}]},{\"@type\":\"BreadcrumbList\",\"@id\":\"https:\\\/\\\/greenx360.com\\\/it\\\/esg-newsletter\\\/#breadcrumb\",\"itemListElement\":[{\"@type\":\"ListItem\",\"position\":1,\"name\":\"Home\",\"item\":\"https:\\\/\\\/greenx360.com\\\/it\\\/\"},{\"@type\":\"ListItem\",\"position\":2,\"name\":\"Newsletter\"}]},{\"@type\":\"WebSite\",\"@id\":\"https:\\\/\\\/greenx360.com\\\/it\\\/#website\",\"url\":\"https:\\\/\\\/greenx360.com\\\/it\\\/\",\"name\":\"Greenx360\",\"description\":\"ESG Innovation\",\"publisher\":{\"@id\":\"https:\\\/\\\/greenx360.com\\\/it\\\/#organization\"},\"potentialAction\":[{\"@type\":\"SearchAction\",\"target\":{\"@type\":\"EntryPoint\",\"urlTemplate\":\"https:\\\/\\\/greenx360.com\\\/it\\\/?s={search_term_string}\"},\"query-input\":{\"@type\":\"PropertyValueSpecification\",\"valueRequired\":true,\"valueName\":\"search_term_string\"}}],\"inLanguage\":\"it-IT\"},{\"@type\":\"Organization\",\"@id\":\"https:\\\/\\\/greenx360.com\\\/it\\\/#organization\",\"name\":\"Greenx360\",\"url\":\"https:\\\/\\\/greenx360.com\\\/it\\\/\",\"logo\":{\"@type\":\"ImageObject\",\"inLanguage\":\"it-IT\",\"@id\":\"https:\\\/\\\/greenx360.com\\\/it\\\/#\\\/schema\\\/logo\\\/image\\\/\",\"url\":\"https:\\\/\\\/greenx360.com\\\/wp-content\\\/uploads\\\/2024\\\/09\\\/greenx360.png\",\"contentUrl\":\"https:\\\/\\\/greenx360.com\\\/wp-content\\\/uploads\\\/2024\\\/09\\\/greenx360.png\",\"width\":200,\"height\":31,\"caption\":\"Greenx360\"},\"image\":{\"@id\":\"https:\\\/\\\/greenx360.com\\\/it\\\/#\\\/schema\\\/logo\\\/image\\\/\"}}]}<\/script>\n<!-- \/ Yoast SEO plugin. -->","yoast_head_json":{"title":"ESG Newsletter | Greenx360 E","robots":{"index":"index","follow":"follow","max-snippet":"max-snippet:-1","max-image-preview":"max-image-preview:large","max-video-preview":"max-video-preview:-1"},"canonical":"https:\/\/greenx360.com\/it\/esg-newsletter\/","og_locale":"it_IT","og_type":"article","og_title":"ESG Newsletter | Greenx360 E","og_url":"https:\/\/greenx360.com\/it\/esg-newsletter\/","og_site_name":"Greenx360","article_modified_time":"2024-09-17T17:45:07+00:00","twitter_card":"summary_large_image","twitter_misc":{"Tempo di lettura stimato":"1 minuto"},"schema":{"@context":"https:\/\/schema.org","@graph":[{"@type":"WebPage","@id":"https:\/\/greenx360.com\/it\/esg-newsletter\/","url":"https:\/\/greenx360.com\/it\/esg-newsletter\/","name":"ESG Newsletter | Greenx360 E","isPartOf":{"@id":"https:\/\/greenx360.com\/it\/#website"},"datePublished":"2024-09-17T17:43:01+00:00","dateModified":"2024-09-17T17:45:07+00:00","breadcrumb":{"@id":"https:\/\/greenx360.com\/it\/esg-newsletter\/#breadcrumb"},"inLanguage":"it-IT","potentialAction":[{"@type":"ReadAction","target":["https:\/\/greenx360.com\/it\/esg-newsletter\/"]}]},{"@type":"BreadcrumbList","@id":"https:\/\/greenx360.com\/it\/esg-newsletter\/#breadcrumb","itemListElement":[{"@type":"ListItem","position":1,"name":"Home","item":"https:\/\/greenx360.com\/it\/"},{"@type":"ListItem","position":2,"name":"Newsletter"}]},{"@type":"WebSite","@id":"https:\/\/greenx360.com\/it\/#website","url":"https:\/\/greenx360.com\/it\/","name":"Greenx360","description":"ESG Innovation","publisher":{"@id":"https:\/\/greenx360.com\/it\/#organization"},"potentialAction":[{"@type":"SearchAction","target":{"@type":"EntryPoint","urlTemplate":"https:\/\/greenx360.com\/it\/?s={search_term_string}"},"query-input":{"@type":"PropertyValueSpecification","valueRequired":true,"valueName":"search_term_string"}}],"inLanguage":"it-IT"},{"@type":"Organization","@id":"https:\/\/greenx360.com\/it\/#organization","name":"Greenx360","url":"https:\/\/greenx360.com\/it\/","logo":{"@type":"ImageObject","inLanguage":"it-IT","@id":"https:\/\/greenx360.com\/it\/#\/schema\/logo\/image\/","url":"https:\/\/greenx360.com\/wp-content\/uploads\/2024\/09\/greenx360.png","contentUrl":"https:\/\/greenx360.com\/wp-content\/uploads\/2024\/09\/greenx360.png","width":200,"height":31,"caption":"Greenx360"},"image":{"@id":"https:\/\/greenx360.com\/it\/#\/schema\/logo\/image\/"}}]}},"_links":{"self":[{"href":"https:\/\/greenx360.com\/it\/wp-json\/wp\/v2\/pages\/840","targetHints":{"allow":["GET"]}}],"collection":[{"href":"https:\/\/greenx360.com\/it\/wp-json\/wp\/v2\/pages"}],"about":[{"href":"https:\/\/greenx360.com\/it\/wp-json\/wp\/v2\/types\/page"}],"author":[{"embeddable":true,"href":"https:\/\/greenx360.com\/it\/wp-json\/wp\/v2\/users\/1"}],"replies":[{"embeddable":true,"href":"https:\/\/greenx360.com\/it\/wp-json\/wp\/v2\/comments?post=840"}],"version-history":[{"count":3,"href":"https:\/\/greenx360.com\/it\/wp-json\/wp\/v2\/pages\/840\/revisions"}],"predecessor-version":[{"id":847,"href":"https:\/\/greenx360.com\/it\/wp-json\/wp\/v2\/pages\/840\/revisions\/847"}],"wp:attachment":[{"href":"https:\/\/greenx360.com\/it\/wp-json\/wp\/v2\/media?parent=840"}],"curies":[{"name":"wp","href":"https:\/\/api.w.org\/{rel}","templated":true}]}}